{"id":1114,"date":"2024-02-22T18:30:57","date_gmt":"2024-02-22T16:30:57","guid":{"rendered":"http:\/\/www.kuenstlerhaus-schirnding.de\/wordpress\/?page_id=1114"},"modified":"2025-12-17T16:53:20","modified_gmt":"2025-12-17T14:53:20","slug":"aktuell","status":"publish","type":"page","link":"http:\/\/www.kuenstlerhaus-schirnding.de\/wordpress\/?page_id=1114","title":{"rendered":"HISTORIE"},"content":{"rendered":"<div class=\"post-content\">\n<p style=\"text-align: justify;\">Die Idee, mit dem K\u00dcNSTLERHAUS SCHIRNDING ein Forum f\u00fcr kulturelle Aktivit\u00e4ten zu schaffen, entstand im Jahr 2003. Betrieben durch den Markt Schirnding und den engagierten Helfern des 2005 gegr\u00fcndeten F\u00f6rdervereins \u201eK\u00fcnstlerhaus Schirnding e.V.\u201c entstand in dem idyllisch an der R\u00f6slau gelegenen Anwesen von Malerin <a title=\"Info Erika Klos\" href=\"http:\/\/www.kuenstlerwerkgemeinschaft.de\/erika-klos\" target=\"_blank\" rel=\"noopener\">Erika Klos<\/a> eine Einrichtung, die angetreten war, um in der Region Kultur, Abwechslung, harmonisches Miteinander \u2013 Freude eben \u2013 zu intensivieren.<\/p>\n<p style=\"text-align: justify;\"><a href=\"http:\/\/www.kuenstlerhaus-schirnding.de\/wordpress\/wp-content\/uploads\/2014\/04\/titelbild-2007.jpg\"><img loading=\"lazy\" decoding=\"async\" class=\"alignright wp-image-65\" src=\"http:\/\/www.kuenstlerhaus-schirnding.de\/wordpress\/wp-content\/uploads\/2014\/04\/titelbild-2007.jpg\" sizes=\"(max-width: 300px) 100vw, 300px\" srcset=\"http:\/\/www.kuenstlerhaus-schirnding.de\/wordpress\/wp-content\/uploads\/2014\/04\/titelbild-2007.jpg 200w, http:\/\/www.kuenstlerhaus-schirnding.de\/wordpress\/wp-content\/uploads\/2014\/04\/titelbild-2007-150x150.jpg 150w\" alt=\"titelbild-2007\" width=\"300\" height=\"300\" \/><\/a>Kultur ist der kleinste gemeinsame Nenner, um aus einem Nebeneinander ein Miteinander entstehen zu lassen. Abwechslung bringt Spannung in das kulturelle Programm, das alle Sparten der Kunst, ob Musik, bildende Kunst, Literatur oder Theater beinhaltet.<\/p>\n<p style=\"text-align: justify;\">Das harmonische Miteinander wurde insbesondere bei den Internationalen Symposien gelebt, bei denen Teilnehmer aus den verschiedensten europ\u00e4ischen L\u00e4ndern, vor allem aber aus Tschechien und nat\u00fcrlich aus Deutschland im K\u00fcnstlerhaus arbeiteten und ausstellten. Die Freundschaften, die im K\u00fcnstlerhaus Schirnding dabei entstan den sind, bezeugen, wie dankbar man ist, \u00fcber Grenzen und Sprachen hinweg Verst\u00e4ndnis und menschliche Wertsch\u00e4tzung zu erfahren.<\/p>\n<p style=\"text-align: justify;\">Positiv \u00fcberrascht waren die \u201eMacher\u201c des K\u00fcnstlerhauses von der Besucherresonanz bei den Veranstaltungen der vergangenen Jahre. Dieser Erfolg hat dem Markt Schirnding und dem F\u00f6rderverein K\u00fcnstlerhaus Schirnding e.V. den Ansporn gegeben, auch in diesem Jahr Kultur in den verschiedensten Facetten und mit K\u00fcnstlern aus ganz Europa -ob Ost oder West- im romantischen K\u00fcnstlerhaus anzubieten.<\/p>\n<p style=\"text-align: justify;\">Sehr herzlich zu danken ist an dieser Stelle all denen, die mit Rat und Tat, finanziell und ideell die Einrichtung des K\u00fcnstlerhauses begleiten und tragen. Als gemeinn\u00fctziger Verein freuen wir uns \u00fcber jede Unterst\u00fctzung!<\/p>\n<p style=\"text-align: justify;\">Je nach Projekt unterschiedlich, werden die Veranstaltungen unterst\u00fctzt und gef\u00f6rdert von:<br \/>\n<img loading=\"lazy\" decoding=\"async\" class=\"alignnone size-full wp-image-145\" src=\"http:\/\/www.kuenstlerhaus-schirnding.de\/wordpress\/wp-content\/uploads\/2014\/04\/Foerderung-Kuenstlerhaus.jpg\" sizes=\"(max-width: 680px) 100vw, 680px\" srcset=\"http:\/\/www.kuenstlerhaus-schirnding.de\/wordpress\/wp-content\/uploads\/2014\/04\/Foerderung-Kuenstlerhaus.jpg 680w, http:\/\/www.kuenstlerhaus-schirnding.de\/wordpress\/wp-content\/uploads\/2014\/04\/Foerderung-Kuenstlerhaus-300x125.jpg 300w, http:\/\/www.kuenstlerhaus-schirnding.de\/wordpress\/wp-content\/uploads\/2014\/04\/Foerderung-Kuenstlerhaus-624x261.jpg 624w\" alt=\"Foerderung Kuenstlerhaus\" width=\"680\" height=\"285\" \/><\/p>\n<\/div>\n","protected":false},"excerpt":{"rendered":"<p>Die Idee, mit dem K\u00dcNSTLERHAUS SCHIRNDING ein Forum f\u00fcr kulturelle Aktivit\u00e4ten zu schaffen, entstand im Jahr 2003. Betrieben durch den Markt Schirnding und den engagierten Helfern des 2005 gegr\u00fcndeten F\u00f6rdervereins \u201eK\u00fcnstlerhaus Schirnding e.V.\u201c entstand in dem idyllisch an der R\u00f6slau gelegenen Anwesen von Malerin Erika Klos eine Einrichtung, die angetreten war, um in der Region [&hellip;]<\/p>\n","protected":false},"author":1,"featured_media":0,"parent":0,"menu_order":1,"comment_status":"closed","ping_status":"closed","template":"","meta":{"footnotes":"","_links_to":"","_links_to_target":""},"_links":{"self":[{"href":"http:\/\/www.kuenstlerhaus-schirnding.de\/wordpress\/index.php?rest_route=\/wp\/v2\/pages\/1114"}],"collection":[{"href":"http:\/\/www.kuenstlerhaus-schirnding.de\/wordpress\/index.php?rest_route=\/wp\/v2\/pages"}],"about":[{"href":"http:\/\/www.kuenstlerhaus-schirnding.de\/wordpress\/index.php?rest_route=\/wp\/v2\/types\/page"}],"author":[{"embeddable":true,"href":"http:\/\/www.kuenstlerhaus-schirnding.de\/wordpress\/index.php?rest_route=\/wp\/v2\/users\/1"}],"replies":[{"embeddable":true,"href":"http:\/\/www.kuenstlerhaus-schirnding.de\/wordpress\/index.php?rest_route=%2Fwp%2Fv2%2Fcomments&post=1114"}],"version-history":[{"count":5,"href":"http:\/\/www.kuenstlerhaus-schirnding.de\/wordpress\/index.php?rest_route=\/wp\/v2\/pages\/1114\/revisions"}],"predecessor-version":[{"id":1117,"href":"http:\/\/www.kuenstlerhaus-schirnding.de\/wordpress\/index.php?rest_route=\/wp\/v2\/pages\/1114\/revisions\/1117"}],"wp:attachment":[{"href":"http:\/\/www.kuenstlerhaus-schirnding.de\/wordpress\/index.php?rest_route=%2Fwp%2Fv2%2Fmedia&parent=1114"}],"curies":[{"name":"wp","href":"https:\/\/api.w.org\/{rel}","templated":true}]}}