{"id":1124,"date":"2024-07-18T17:39:17","date_gmt":"2024-07-18T15:39:17","guid":{"rendered":"http:\/\/www.kuenstlerhaus-schirnding.de\/wordpress\/?page_id=1124"},"modified":"2025-02-13T18:01:02","modified_gmt":"2025-02-13T16:01:02","slug":"kulturprogramm-2024","status":"publish","type":"page","link":"http:\/\/www.kuenstlerhaus-schirnding.de\/wordpress\/?page_id=1124","title":{"rendered":"KULTURPROGRAMM 2024"},"content":{"rendered":"<div class=\"wrapper section\">\n<div class=\"section-inner\">\n<div class=\"content\">\n<div id=\"post-1060\" class=\"post single post-1060 page type-page status-publish hentry\">\n<div class=\"post-inner\">\n<div class=\"post-content\">\n<p>\u201e<strong>Hier &amp; Jetzt\u201c<br \/>\n<\/strong><strong>Werke von Anna Dietz<br \/>\n<\/strong><strong>Ausstellung vom 05. April bis 28. April<\/strong><br \/>\nAusstellungser\u00f6ffnung Fr. 05. April, 19.00 Uhr<br \/>\nMusik: \u201eFair Play Company\u201c<br \/>\nAusstellung So. 14.00 \u2013 17.00 Uhr und nach Vereinbarung<br \/>\nGemeindezentrum Hauptstr. 15 in Schirnding<\/p>\n<p><strong>Benefizkonzert<br \/>\n<\/strong><strong>Bettina Mildner live in Concert<br \/>\n<\/strong><strong>Fr. 13. April, 19.00 Uhr<\/strong><br \/>\nEintritt frei!<br \/>\nGemeindezentrum Hauptstr. 15 in Schirnding<\/p>\n<p>\u201e<strong>Contrasts of the Soul\u201c<br \/>\n<\/strong><strong>Werke von Lea Bodenmeier<br \/>\n<\/strong><strong>Ausstellung vom 26. Juli bis 25. August<\/strong><br \/>\nAusstellungser\u00f6ffnung Fr. 26. Juli, 19.00 Uhr<br \/>\nMusik: \u201ePatricia &amp; Michaela Jobst\u201c<br \/>\nAusstellung So. 14.00 \u2013 17.00 Uhr und nach Vereinbarung<br \/>\nGemeindezentrum Hauptstr. 15 in Schirnding<\/p>\n<p><strong>\u201eK\u00dcNSTLERFEST &#8211; Alpengl\u00fchen &amp; Edelwei\u00df\u201c<br \/>\nFreitag, 02. August, ab 18.00 Uhr<\/strong><br \/>\n<strong>Gemeindezentrum Hauptstr. 15, Schirnding<\/strong><strong><br \/>\n<\/strong><\/p>\n<p>\u201e<strong>Zwischen Fl\u00e4che und Raum\u201c<br \/>\n<\/strong><strong>Werke von Claudia H\u00f6lzl<br \/>\n<\/strong><strong>Ausstellung vom 08. November bis 01. Dezember<\/strong><br \/>\nAusstellungser\u00f6ffnung Fr. 08. November, 19.00 Uhr<br \/>\nAusstellung So. 14.00 \u2013 17.00 Uhr und nach Vereinbarung<br \/>\nGemeindezentrum Hauptstr. 15 in Schirnding<\/p>\n<\/div>\n<\/div>\n<\/div>\n<\/div>\n<\/div>\n<\/div>\n","protected":false},"excerpt":{"rendered":"<p>\u201eHier &amp; Jetzt\u201c Werke von Anna Dietz Ausstellung vom 05. April bis 28. April Ausstellungser\u00f6ffnung Fr. 05. April, 19.00 Uhr Musik: \u201eFair Play Company\u201c Ausstellung So. 14.00 \u2013 17.00 Uhr und nach Vereinbarung Gemeindezentrum Hauptstr. 15 in Schirnding Benefizkonzert Bettina Mildner live in Concert Fr. 13. April, 19.00 Uhr Eintritt frei! Gemeindezentrum Hauptstr. 15 in [&hellip;]<\/p>\n","protected":false},"author":1,"featured_media":0,"parent":6,"menu_order":0,"comment_status":"closed","ping_status":"closed","template":"","meta":{"footnotes":"","_links_to":"","_links_to_target":""},"_links":{"self":[{"href":"http:\/\/www.kuenstlerhaus-schirnding.de\/wordpress\/index.php?rest_route=\/wp\/v2\/pages\/1124"}],"collection":[{"href":"http:\/\/www.kuenstlerhaus-schirnding.de\/wordpress\/index.php?rest_route=\/wp\/v2\/pages"}],"about":[{"href":"http:\/\/www.kuenstlerhaus-schirnding.de\/wordpress\/index.php?rest_route=\/wp\/v2\/types\/page"}],"author":[{"embeddable":true,"href":"http:\/\/www.kuenstlerhaus-schirnding.de\/wordpress\/index.php?rest_route=\/wp\/v2\/users\/1"}],"replies":[{"embeddable":true,"href":"http:\/\/www.kuenstlerhaus-schirnding.de\/wordpress\/index.php?rest_route=%2Fwp%2Fv2%2Fcomments&post=1124"}],"version-history":[{"count":4,"href":"http:\/\/www.kuenstlerhaus-schirnding.de\/wordpress\/index.php?rest_route=\/wp\/v2\/pages\/1124\/revisions"}],"predecessor-version":[{"id":1142,"href":"http:\/\/www.kuenstlerhaus-schirnding.de\/wordpress\/index.php?rest_route=\/wp\/v2\/pages\/1124\/revisions\/1142"}],"up":[{"embeddable":true,"href":"http:\/\/www.kuenstlerhaus-schirnding.de\/wordpress\/index.php?rest_route=\/wp\/v2\/pages\/6"}],"wp:attachment":[{"href":"http:\/\/www.kuenstlerhaus-schirnding.de\/wordpress\/index.php?rest_route=%2Fwp%2Fv2%2Fmedia&parent=1124"}],"curies":[{"name":"wp","href":"https:\/\/api.w.org\/{rel}","templated":true}]}}