{"id":1129,"date":"2024-07-19T08:11:30","date_gmt":"2024-07-19T06:11:30","guid":{"rendered":"http:\/\/www.kuenstlerhaus-schirnding.de\/wordpress\/?page_id=1129"},"modified":"2024-07-19T08:29:54","modified_gmt":"2024-07-19T06:29:54","slug":"kulturprogramm-2024-anna-dietz","status":"publish","type":"page","link":"http:\/\/www.kuenstlerhaus-schirnding.de\/wordpress\/?page_id=1129","title":{"rendered":"Kulturprogramm 2024 &#8211; Anna Dietz"},"content":{"rendered":"<p><strong>&#8222;Hier &amp; Jetzt&#8220;<br \/>\nWerke von Anna Dietz<br \/>\n<\/strong><strong>Ausstellung vom 05. April bis 28. April<\/strong><br \/>\nAusstellungser\u00f6ffnung Fr. 05. April, 19.00 Uhr<br \/>\nMusik: \u201eFair Play Company\u201c<br \/>\nAusstellung So. 14.00 \u2013 17.00 Uhr und nach Vereinbarung<\/p>\n<p><a href=\"http:\/\/www.kuenstlerhaus-schirnding.de\/wordpress\/wp-content\/uploads\/2024\/07\/Einladung-Dietz1-scaled.jpg\" target=\"_blank\" rel=\"noopener\"><img loading=\"lazy\" decoding=\"async\" class=\"wp-image-1130 size-medium aligncenter\" src=\"http:\/\/www.kuenstlerhaus-schirnding.de\/wordpress\/wp-content\/uploads\/2024\/07\/Einladung-Dietz1-212x300.jpg\" alt=\"\" width=\"212\" height=\"300\" srcset=\"http:\/\/www.kuenstlerhaus-schirnding.de\/wordpress\/wp-content\/uploads\/2024\/07\/Einladung-Dietz1-212x300.jpg 212w, http:\/\/www.kuenstlerhaus-schirnding.de\/wordpress\/wp-content\/uploads\/2024\/07\/Einladung-Dietz1-724x1024.jpg 724w, http:\/\/www.kuenstlerhaus-schirnding.de\/wordpress\/wp-content\/uploads\/2024\/07\/Einladung-Dietz1-768x1087.jpg 768w, http:\/\/www.kuenstlerhaus-schirnding.de\/wordpress\/wp-content\/uploads\/2024\/07\/Einladung-Dietz1-1085x1536.jpg 1085w, http:\/\/www.kuenstlerhaus-schirnding.de\/wordpress\/wp-content\/uploads\/2024\/07\/Einladung-Dietz1-1447x2048.jpg 1447w, http:\/\/www.kuenstlerhaus-schirnding.de\/wordpress\/wp-content\/uploads\/2024\/07\/Einladung-Dietz1-900x1274.jpg 900w, http:\/\/www.kuenstlerhaus-schirnding.de\/wordpress\/wp-content\/uploads\/2024\/07\/Einladung-Dietz1-1280x1811.jpg 1280w, http:\/\/www.kuenstlerhaus-schirnding.de\/wordpress\/wp-content\/uploads\/2024\/07\/Einladung-Dietz1-scaled.jpg 1809w\" sizes=\"(max-width: 212px) 100vw, 212px\" \/><\/a><\/p>\n<p style=\"text-align: justify;\"><strong>Anna Dietz<br \/>\n<\/strong>\u201eIch m\u00f6chte etwas kreieren, Momente und Gef\u00fchle festhalten\u201c, sagt die K\u00fcnstlerin.\u00a0 Die K\u00fcnstlerin malt haupts\u00e4chlich mit Acrylfarben und verwendet dabei auch verschiedene Techniken und Materialien. In ihren Bildern finden sich teils Bergkristalle, Rosenquarze und Amethysten (und andere Edelsteine) &#8211; oder einfach nur Sand vom Strand aus dem Urlaub.<\/p>\n<p style=\"text-align: justify;\"><a href=\"http:\/\/www.kuenstlerhaus-schirnding.de\/wordpress\/wp-content\/uploads\/2024\/07\/Anna-Dietz_2-scaled.jpg\" target=\"_blank\" rel=\"noopener\"><img loading=\"lazy\" decoding=\"async\" class=\"alignright wp-image-1133 size-medium\" src=\"http:\/\/www.kuenstlerhaus-schirnding.de\/wordpress\/wp-content\/uploads\/2024\/07\/Anna-Dietz_2-243x300.jpg\" alt=\"\" width=\"243\" height=\"300\" srcset=\"http:\/\/www.kuenstlerhaus-schirnding.de\/wordpress\/wp-content\/uploads\/2024\/07\/Anna-Dietz_2-243x300.jpg 243w, http:\/\/www.kuenstlerhaus-schirnding.de\/wordpress\/wp-content\/uploads\/2024\/07\/Anna-Dietz_2-830x1024.jpg 830w, http:\/\/www.kuenstlerhaus-schirnding.de\/wordpress\/wp-content\/uploads\/2024\/07\/Anna-Dietz_2-768x948.jpg 768w, http:\/\/www.kuenstlerhaus-schirnding.de\/wordpress\/wp-content\/uploads\/2024\/07\/Anna-Dietz_2-1244x1536.jpg 1244w, http:\/\/www.kuenstlerhaus-schirnding.de\/wordpress\/wp-content\/uploads\/2024\/07\/Anna-Dietz_2-1659x2048.jpg 1659w, http:\/\/www.kuenstlerhaus-schirnding.de\/wordpress\/wp-content\/uploads\/2024\/07\/Anna-Dietz_2-900x1111.jpg 900w, http:\/\/www.kuenstlerhaus-schirnding.de\/wordpress\/wp-content\/uploads\/2024\/07\/Anna-Dietz_2-1280x1580.jpg 1280w\" sizes=\"(max-width: 243px) 100vw, 243px\" \/><\/a>\u201eKunst ist f\u00fcr mich eine Entdeckungsreise. Sie ist meine gro\u00dfe Leidenschaft und begleitet mich schon mein ganzes Leben. Jedes Detail, das man t\u00e4glich neu entdeckt, kann eine Inspiration oder ein Motiv f\u00fcr ein neues Bild sein\u201c, sagt die K\u00fcnstlerin.<\/p>\n<p style=\"text-align: justify;\">Landschaftsmotive aus ihrer Wahlheimat dem Fichtelgebirge haben es der K\u00fcnstlerin angetan. \u201eEnergiebilder gestalte ich in liebevoller und positiver Herzenergie. Meine Vision: Mit meiner Kunst in Euer Zuhause einen positiven Sonnenstrahl zu bringen, der Eure Herzen erw\u00e4rmt und Euch erinnert, dass alles m\u00f6glich ist, jedes Mal wenn Ihr Euer Bild betrachtet\u201c.<\/p>\n<p style=\"text-align: justify;\">Anna Dietz stammt urspr\u00fcnglich aus Wei\u00dfrussland. Bereits als Kind interessierte sie sich f\u00fcr Kunst und entwickelte nach und nach ihre k\u00fcnstlerischen Fertigkeiten. Sie besuchte eine Kunstschule, auf der sie nach vier Jahren ihr Diplom machte. Nach dem Abitur kam der Universit\u00e4ts-Abschluss in internationalem Recht an der Universit\u00e4t in Kiew dazu. Seit 2007 lebt sie in Deutschland. Sie wohnt in Hohenberg, hat eine Tochter.<\/p>\n<p>Weitere Infos:<br \/>\n<a href=\"http:\/\/www.annadietz.de\">www.annadietz.de<\/a><\/p>\n<p style=\"text-align: justify;\"><strong>Fair Play Company<br \/>\n<\/strong>Ein neues Projekt der Musiker Stefan Mehlan (Posaune), J\u00fcrgen Schenkl und Thomas Pitzl (Gitarre), Rainer Kolbeck (Bass) und Werner Sladek (Schlagzeug). Die Band spielt Eigenkompositionen und interpretiert auch St\u00fccke aus dem Bereich Jazz und Pop mit viel Freiraum f\u00fcr die Improvisationen der Musiker.<\/p>\n<p><a href=\"http:\/\/www.kuenstlerhaus-schirnding.de\/wordpress\/wp-content\/uploads\/2023\/02\/FAIR-PLAY-COMPANY.jpeg\" target=\"_blank\" rel=\"noopener\"><img loading=\"lazy\" decoding=\"async\" class=\"wp-image-1067 size-large\" src=\"http:\/\/www.kuenstlerhaus-schirnding.de\/wordpress\/wp-content\/uploads\/2023\/02\/FAIR-PLAY-COMPANY-1024x683.jpeg\" alt=\"\" width=\"629\" height=\"420\" srcset=\"http:\/\/www.kuenstlerhaus-schirnding.de\/wordpress\/wp-content\/uploads\/2023\/02\/FAIR-PLAY-COMPANY-1024x683.jpeg 1024w, http:\/\/www.kuenstlerhaus-schirnding.de\/wordpress\/wp-content\/uploads\/2023\/02\/FAIR-PLAY-COMPANY-300x200.jpeg 300w, http:\/\/www.kuenstlerhaus-schirnding.de\/wordpress\/wp-content\/uploads\/2023\/02\/FAIR-PLAY-COMPANY-768x512.jpeg 768w, http:\/\/www.kuenstlerhaus-schirnding.de\/wordpress\/wp-content\/uploads\/2023\/02\/FAIR-PLAY-COMPANY-900x600.jpeg 900w, http:\/\/www.kuenstlerhaus-schirnding.de\/wordpress\/wp-content\/uploads\/2023\/02\/FAIR-PLAY-COMPANY-1280x853.jpeg 1280w, http:\/\/www.kuenstlerhaus-schirnding.de\/wordpress\/wp-content\/uploads\/2023\/02\/FAIR-PLAY-COMPANY-120x80.jpeg 120w\" sizes=\"(max-width: 629px) 100vw, 629px\" \/><\/a><\/p>\n","protected":false},"excerpt":{"rendered":"<p>&#8222;Hier &amp; Jetzt&#8220; Werke von Anna Dietz Ausstellung vom 05. April bis 28. April Ausstellungser\u00f6ffnung Fr. 05. April, 19.00 Uhr Musik: \u201eFair Play Company\u201c Ausstellung So. 14.00 \u2013 17.00 Uhr und nach Vereinbarung Anna Dietz \u201eIch m\u00f6chte etwas kreieren, Momente und Gef\u00fchle festhalten\u201c, sagt die K\u00fcnstlerin.\u00a0 Die K\u00fcnstlerin malt haupts\u00e4chlich mit Acrylfarben und verwendet dabei [&hellip;]<\/p>\n","protected":false},"author":1,"featured_media":0,"parent":1124,"menu_order":0,"comment_status":"closed","ping_status":"closed","template":"","meta":{"footnotes":"","_links_to":"","_links_to_target":""},"_links":{"self":[{"href":"http:\/\/www.kuenstlerhaus-schirnding.de\/wordpress\/index.php?rest_route=\/wp\/v2\/pages\/1129"}],"collection":[{"href":"http:\/\/www.kuenstlerhaus-schirnding.de\/wordpress\/index.php?rest_route=\/wp\/v2\/pages"}],"about":[{"href":"http:\/\/www.kuenstlerhaus-schirnding.de\/wordpress\/index.php?rest_route=\/wp\/v2\/types\/page"}],"author":[{"embeddable":true,"href":"http:\/\/www.kuenstlerhaus-schirnding.de\/wordpress\/index.php?rest_route=\/wp\/v2\/users\/1"}],"replies":[{"embeddable":true,"href":"http:\/\/www.kuenstlerhaus-schirnding.de\/wordpress\/index.php?rest_route=%2Fwp%2Fv2%2Fcomments&post=1129"}],"version-history":[{"count":10,"href":"http:\/\/www.kuenstlerhaus-schirnding.de\/wordpress\/index.php?rest_route=\/wp\/v2\/pages\/1129\/revisions"}],"predecessor-version":[{"id":1150,"href":"http:\/\/www.kuenstlerhaus-schirnding.de\/wordpress\/index.php?rest_route=\/wp\/v2\/pages\/1129\/revisions\/1150"}],"up":[{"embeddable":true,"href":"http:\/\/www.kuenstlerhaus-schirnding.de\/wordpress\/index.php?rest_route=\/wp\/v2\/pages\/1124"}],"wp:attachment":[{"href":"http:\/\/www.kuenstlerhaus-schirnding.de\/wordpress\/index.php?rest_route=%2Fwp%2Fv2%2Fmedia&parent=1129"}],"curies":[{"name":"wp","href":"https:\/\/api.w.org\/{rel}","templated":true}]}}