{"id":1144,"date":"2024-07-19T08:28:27","date_gmt":"2024-07-19T06:28:27","guid":{"rendered":"http:\/\/www.kuenstlerhaus-schirnding.de\/wordpress\/?page_id=1144"},"modified":"2024-07-19T09:40:25","modified_gmt":"2024-07-19T07:40:25","slug":"kulturprogramm-2024-bettina-mildner","status":"publish","type":"page","link":"http:\/\/www.kuenstlerhaus-schirnding.de\/wordpress\/?page_id=1144","title":{"rendered":"Kulturprogramm 2024 &#8211; Bettina Mildner"},"content":{"rendered":"<p><strong>&#8222;Bettina Mildner <\/strong><strong>live in Concert&#8220;<br \/>\n<\/strong><strong>Fr. 13. April, 19.00 Uhr, Gemeindezentrum Schirnding<\/strong><br \/>\nEintritt frei!<\/p>\n<p><a href=\"http:\/\/www.kuenstlerhaus-schirnding.de\/wordpress\/wp-content\/uploads\/2024\/07\/Einladung-Mildner1-scaled.jpg\" target=\"_blank\" rel=\"noopener\"><img loading=\"lazy\" decoding=\"async\" class=\"aligncenter wp-image-1147 size-medium\" src=\"http:\/\/www.kuenstlerhaus-schirnding.de\/wordpress\/wp-content\/uploads\/2024\/07\/Einladung-Mildner1-212x300.jpg\" alt=\"\" width=\"212\" height=\"300\" srcset=\"http:\/\/www.kuenstlerhaus-schirnding.de\/wordpress\/wp-content\/uploads\/2024\/07\/Einladung-Mildner1-212x300.jpg 212w, http:\/\/www.kuenstlerhaus-schirnding.de\/wordpress\/wp-content\/uploads\/2024\/07\/Einladung-Mildner1-724x1024.jpg 724w, http:\/\/www.kuenstlerhaus-schirnding.de\/wordpress\/wp-content\/uploads\/2024\/07\/Einladung-Mildner1-768x1087.jpg 768w, http:\/\/www.kuenstlerhaus-schirnding.de\/wordpress\/wp-content\/uploads\/2024\/07\/Einladung-Mildner1-1085x1536.jpg 1085w, http:\/\/www.kuenstlerhaus-schirnding.de\/wordpress\/wp-content\/uploads\/2024\/07\/Einladung-Mildner1-1447x2048.jpg 1447w, http:\/\/www.kuenstlerhaus-schirnding.de\/wordpress\/wp-content\/uploads\/2024\/07\/Einladung-Mildner1-900x1274.jpg 900w, http:\/\/www.kuenstlerhaus-schirnding.de\/wordpress\/wp-content\/uploads\/2024\/07\/Einladung-Mildner1-1280x1811.jpg 1280w, http:\/\/www.kuenstlerhaus-schirnding.de\/wordpress\/wp-content\/uploads\/2024\/07\/Einladung-Mildner1-scaled.jpg 1809w\" sizes=\"(max-width: 212px) 100vw, 212px\" \/><\/a><\/p>\n<p style=\"text-align: justify;\"><strong>Bettina Mildner<br \/>\n<\/strong>Seit 2013 setze ich mit meiner klaren und pr\u00e4gnanten Stimme bei Hochzeiten, Taufen, Benefizveranstaltungen, Jubil\u00e4en, Firmenevents, als singendes Telegramm u.v.m. unvergessliche musikalische H\u00f6hepunkte.<strong><a href=\"http:\/\/www.kuenstlerhaus-schirnding.de\/wordpress\/wp-content\/uploads\/2024\/07\/Portraet_2-scaled.jpg\" target=\"_blank\" rel=\"noopener\"><img loading=\"lazy\" decoding=\"async\" class=\"alignright wp-image-1148 size-medium\" src=\"http:\/\/www.kuenstlerhaus-schirnding.de\/wordpress\/wp-content\/uploads\/2024\/07\/Portraet_2-300x217.jpg\" alt=\"\" width=\"300\" height=\"217\" srcset=\"http:\/\/www.kuenstlerhaus-schirnding.de\/wordpress\/wp-content\/uploads\/2024\/07\/Portraet_2-300x217.jpg 300w, http:\/\/www.kuenstlerhaus-schirnding.de\/wordpress\/wp-content\/uploads\/2024\/07\/Portraet_2-1024x740.jpg 1024w, http:\/\/www.kuenstlerhaus-schirnding.de\/wordpress\/wp-content\/uploads\/2024\/07\/Portraet_2-768x555.jpg 768w, http:\/\/www.kuenstlerhaus-schirnding.de\/wordpress\/wp-content\/uploads\/2024\/07\/Portraet_2-1536x1109.jpg 1536w, http:\/\/www.kuenstlerhaus-schirnding.de\/wordpress\/wp-content\/uploads\/2024\/07\/Portraet_2-2048x1479.jpg 2048w, http:\/\/www.kuenstlerhaus-schirnding.de\/wordpress\/wp-content\/uploads\/2024\/07\/Portraet_2-900x650.jpg 900w, http:\/\/www.kuenstlerhaus-schirnding.de\/wordpress\/wp-content\/uploads\/2024\/07\/Portraet_2-1280x924.jpg 1280w\" sizes=\"(max-width: 300px) 100vw, 300px\" \/><\/a><\/strong><\/p>\n<p style=\"text-align: justify;\">Ich bereite Ihnen und Ihren G\u00e4sten mit meiner unvergleichlichen Leidenschaft und viel Herz G\u00e4nsehautmomente. Zudem biete ich ein breit gef\u00e4chertes Repertoire in unterschiedlichen Musikrichtungen.<\/p>\n<p>Weitere Infos:<br \/>\n<a href=\"http:\/\/www.saengerin-bettina.de\" target=\"_blank\" rel=\"noopener\">www.saengerin-bettina.de<\/a><\/p>\n","protected":false},"excerpt":{"rendered":"<p>&#8222;Bettina Mildner live in Concert&#8220; Fr. 13. April, 19.00 Uhr, Gemeindezentrum Schirnding Eintritt frei! Bettina Mildner Seit 2013 setze ich mit meiner klaren und pr\u00e4gnanten Stimme bei Hochzeiten, Taufen, Benefizveranstaltungen, Jubil\u00e4en, Firmenevents, als singendes Telegramm u.v.m. unvergessliche musikalische H\u00f6hepunkte. Ich bereite Ihnen und Ihren G\u00e4sten mit meiner unvergleichlichen Leidenschaft und viel Herz G\u00e4nsehautmomente. Zudem biete [&hellip;]<\/p>\n","protected":false},"author":1,"featured_media":0,"parent":1124,"menu_order":1,"comment_status":"closed","ping_status":"closed","template":"","meta":{"footnotes":"","_links_to":"","_links_to_target":""},"_links":{"self":[{"href":"http:\/\/www.kuenstlerhaus-schirnding.de\/wordpress\/index.php?rest_route=\/wp\/v2\/pages\/1144"}],"collection":[{"href":"http:\/\/www.kuenstlerhaus-schirnding.de\/wordpress\/index.php?rest_route=\/wp\/v2\/pages"}],"about":[{"href":"http:\/\/www.kuenstlerhaus-schirnding.de\/wordpress\/index.php?rest_route=\/wp\/v2\/types\/page"}],"author":[{"embeddable":true,"href":"http:\/\/www.kuenstlerhaus-schirnding.de\/wordpress\/index.php?rest_route=\/wp\/v2\/users\/1"}],"replies":[{"embeddable":true,"href":"http:\/\/www.kuenstlerhaus-schirnding.de\/wordpress\/index.php?rest_route=%2Fwp%2Fv2%2Fcomments&post=1144"}],"version-history":[{"count":5,"href":"http:\/\/www.kuenstlerhaus-schirnding.de\/wordpress\/index.php?rest_route=\/wp\/v2\/pages\/1144\/revisions"}],"predecessor-version":[{"id":1169,"href":"http:\/\/www.kuenstlerhaus-schirnding.de\/wordpress\/index.php?rest_route=\/wp\/v2\/pages\/1144\/revisions\/1169"}],"up":[{"embeddable":true,"href":"http:\/\/www.kuenstlerhaus-schirnding.de\/wordpress\/index.php?rest_route=\/wp\/v2\/pages\/1124"}],"wp:attachment":[{"href":"http:\/\/www.kuenstlerhaus-schirnding.de\/wordpress\/index.php?rest_route=%2Fwp%2Fv2%2Fmedia&parent=1144"}],"curies":[{"name":"wp","href":"https:\/\/api.w.org\/{rel}","templated":true}]}}