{"id":1151,"date":"2024-07-19T08:42:34","date_gmt":"2024-07-19T06:42:34","guid":{"rendered":"http:\/\/www.kuenstlerhaus-schirnding.de\/wordpress\/?page_id=1151"},"modified":"2024-07-19T09:34:35","modified_gmt":"2024-07-19T07:34:35","slug":"kulturprogramm-2024-lea-bodenmeier","status":"publish","type":"page","link":"http:\/\/www.kuenstlerhaus-schirnding.de\/wordpress\/?page_id=1151","title":{"rendered":"Kulturprogramm 2024 &#8211; Lea Bodenmeier"},"content":{"rendered":"<p><strong>&#8222;Contrasts of the Soul&#8220;<br \/>\nWerke von Lea Bodenmeier<br \/>\n<\/strong><strong>Ausstellung vom 26. Juli bis 25. August<\/strong><br \/>\nAusstellungser\u00f6ffnung Fr. 26. Juli, 19.00 Uhr<br \/>\nMusik: \u201ePatricia und Michaela Jobst\u201c<br \/>\nAusstellung So. 14.00 \u2013 17.00 Uhr und nach Vereinbarung<\/p>\n<p><a href=\"http:\/\/www.kuenstlerhaus-schirnding.de\/wordpress\/wp-content\/uploads\/2024\/07\/Bodenmeier_vorne-scaled.jpg\" target=\"_blank\" rel=\"noopener\"><img loading=\"lazy\" decoding=\"async\" class=\"aligncenter wp-image-1152 size-medium\" src=\"http:\/\/www.kuenstlerhaus-schirnding.de\/wordpress\/wp-content\/uploads\/2024\/07\/Bodenmeier_vorne-212x300.jpg\" alt=\"\" width=\"212\" height=\"300\" srcset=\"http:\/\/www.kuenstlerhaus-schirnding.de\/wordpress\/wp-content\/uploads\/2024\/07\/Bodenmeier_vorne-212x300.jpg 212w, http:\/\/www.kuenstlerhaus-schirnding.de\/wordpress\/wp-content\/uploads\/2024\/07\/Bodenmeier_vorne-724x1024.jpg 724w, http:\/\/www.kuenstlerhaus-schirnding.de\/wordpress\/wp-content\/uploads\/2024\/07\/Bodenmeier_vorne-768x1087.jpg 768w, http:\/\/www.kuenstlerhaus-schirnding.de\/wordpress\/wp-content\/uploads\/2024\/07\/Bodenmeier_vorne-1085x1536.jpg 1085w, http:\/\/www.kuenstlerhaus-schirnding.de\/wordpress\/wp-content\/uploads\/2024\/07\/Bodenmeier_vorne-1447x2048.jpg 1447w, http:\/\/www.kuenstlerhaus-schirnding.de\/wordpress\/wp-content\/uploads\/2024\/07\/Bodenmeier_vorne-900x1274.jpg 900w, http:\/\/www.kuenstlerhaus-schirnding.de\/wordpress\/wp-content\/uploads\/2024\/07\/Bodenmeier_vorne-1280x1812.jpg 1280w, http:\/\/www.kuenstlerhaus-schirnding.de\/wordpress\/wp-content\/uploads\/2024\/07\/Bodenmeier_vorne-scaled.jpg 1809w\" sizes=\"(max-width: 212px) 100vw, 212px\" \/><\/a><\/p>\n<p style=\"text-align: justify;\"><strong>&#8222;Contrasts of the Soul&#8220;<br \/>\n<\/strong>Bei der Ausstellung \u201eContrasts of the Soul\u201c werden verschiedene Werke pr\u00e4sentiert, die die Vielfalt und Tiefe menschlicher Emotionen und Erfahrungen reflektieren.<\/p>\n<p style=\"text-align: justify;\">Die Kombination von monochromen und farbigen Kunstwerken schafft faszinierende Kontraste und l\u00e4dt die Betrachter dazu ein, die unterschiedlichen Facetten der menschlichen Seele zu erkunden.<\/p>\n<p style=\"text-align: justify;\">Jedes Werk erz\u00e4hlt eine einzigartige Geschichte und l\u00e4dt dazu ein, sich mit den vielschichtigen Emotionen und Erfahrungen auseinanderzusetzen, die das Leben widerspiegeln. Tauche ein in die Welt der &#8218;Kontraste der Seele&#8216; und lass dich von der Sch\u00f6nheit und Komplexit\u00e4t menschlicher Gef\u00fchle inspirieren.<\/p>\n<p style=\"text-align: justify;\"><strong>Lea Bodenmeier<a href=\"http:\/\/www.kuenstlerhaus-schirnding.de\/wordpress\/wp-content\/uploads\/2024\/07\/Bodenmeier2.jpg\" target=\"_blank\" rel=\"noopener\"><img loading=\"lazy\" decoding=\"async\" class=\"alignright wp-image-1153 size-medium\" src=\"http:\/\/www.kuenstlerhaus-schirnding.de\/wordpress\/wp-content\/uploads\/2024\/07\/Bodenmeier2-169x300.jpg\" alt=\"\" width=\"169\" height=\"300\" srcset=\"http:\/\/www.kuenstlerhaus-schirnding.de\/wordpress\/wp-content\/uploads\/2024\/07\/Bodenmeier2-169x300.jpg 169w, http:\/\/www.kuenstlerhaus-schirnding.de\/wordpress\/wp-content\/uploads\/2024\/07\/Bodenmeier2-576x1024.jpg 576w, http:\/\/www.kuenstlerhaus-schirnding.de\/wordpress\/wp-content\/uploads\/2024\/07\/Bodenmeier2-768x1365.jpg 768w, http:\/\/www.kuenstlerhaus-schirnding.de\/wordpress\/wp-content\/uploads\/2024\/07\/Bodenmeier2-864x1536.jpg 864w, http:\/\/www.kuenstlerhaus-schirnding.de\/wordpress\/wp-content\/uploads\/2024\/07\/Bodenmeier2-1152x2048.jpg 1152w, http:\/\/www.kuenstlerhaus-schirnding.de\/wordpress\/wp-content\/uploads\/2024\/07\/Bodenmeier2-900x1600.jpg 900w, http:\/\/www.kuenstlerhaus-schirnding.de\/wordpress\/wp-content\/uploads\/2024\/07\/Bodenmeier2.jpg 1242w\" sizes=\"(max-width: 169px) 100vw, 169px\" \/><\/a><br \/>\n<\/strong>Ich bin Lea, 23 Jahre alt und habe die Kunst autodidaktisch erlernt. Kunst ist f\u00fcr mich nicht nur ein Hobby, sondern eine Art zu leben. Meine Inspiration finde ich \u00fcberall um mich herum: In der Natur, im Alltag und in den Emotionen, die uns als Menschen verbinden. Mit meinen Werken m\u00f6chte ich Gef\u00fchle ausl\u00f6sen und zum Nachdenken anregen. Meine Kunst ist eine Entdeckungsreise, bei der ich neue Perspektiven erkunde und diese gerne mit anderen teile.<strong><br \/>\n<\/strong><\/p>\n<p style=\"text-align: justify;\"><strong>Mein Weg zur Kunst<br \/>\n<\/strong>Ein schwerer gesundheitlicher Schicksalsschlag brachte mich an einen Wendepunkt. Doch in der Kunst fand ich nicht nur einen Ausweg, sondern auch eine Stimme f\u00fcr meine innersten Gedanken und Gef\u00fchle.<\/p>\n<p style=\"text-align: justify;\">Kunst hat mir eine neue Sichtweise auf das Leben geschenkt und gezeigt, dass selbst in dunkelsten Momenten Sch\u00f6nheit und Hoffnung existieren. Sie ist meine Leidenschaft, die mich antreibt, st\u00e4ndig zu wachsen und zu erschaffen. Jeder Pinselstrich, jede Farbe ist ein Teil meiner Geschichte, die ich gerne mit anderen teile, um sie zu inspirieren, ihre eigene kreative Reise anzutreten.<\/p>\n<p>Weitere Infos:<br \/>\n<a href=\"http:\/\/www.leasartplace.de\" target=\"_blank\" rel=\"noopener\">www.leasartplace.de<\/a><\/p>\n","protected":false},"excerpt":{"rendered":"<p>&#8222;Contrasts of the Soul&#8220; Werke von Lea Bodenmeier Ausstellung vom 26. Juli bis 25. August Ausstellungser\u00f6ffnung Fr. 26. Juli, 19.00 Uhr Musik: \u201ePatricia und Michaela Jobst\u201c Ausstellung So. 14.00 \u2013 17.00 Uhr und nach Vereinbarung &#8222;Contrasts of the Soul&#8220; Bei der Ausstellung \u201eContrasts of the Soul\u201c werden verschiedene Werke pr\u00e4sentiert, die die Vielfalt und Tiefe [&hellip;]<\/p>\n","protected":false},"author":1,"featured_media":0,"parent":1124,"menu_order":2,"comment_status":"closed","ping_status":"closed","template":"","meta":{"footnotes":"","_links_to":"","_links_to_target":""},"_links":{"self":[{"href":"http:\/\/www.kuenstlerhaus-schirnding.de\/wordpress\/index.php?rest_route=\/wp\/v2\/pages\/1151"}],"collection":[{"href":"http:\/\/www.kuenstlerhaus-schirnding.de\/wordpress\/index.php?rest_route=\/wp\/v2\/pages"}],"about":[{"href":"http:\/\/www.kuenstlerhaus-schirnding.de\/wordpress\/index.php?rest_route=\/wp\/v2\/types\/page"}],"author":[{"embeddable":true,"href":"http:\/\/www.kuenstlerhaus-schirnding.de\/wordpress\/index.php?rest_route=\/wp\/v2\/users\/1"}],"replies":[{"embeddable":true,"href":"http:\/\/www.kuenstlerhaus-schirnding.de\/wordpress\/index.php?rest_route=%2Fwp%2Fv2%2Fcomments&post=1151"}],"version-history":[{"count":3,"href":"http:\/\/www.kuenstlerhaus-schirnding.de\/wordpress\/index.php?rest_route=\/wp\/v2\/pages\/1151\/revisions"}],"predecessor-version":[{"id":1168,"href":"http:\/\/www.kuenstlerhaus-schirnding.de\/wordpress\/index.php?rest_route=\/wp\/v2\/pages\/1151\/revisions\/1168"}],"up":[{"embeddable":true,"href":"http:\/\/www.kuenstlerhaus-schirnding.de\/wordpress\/index.php?rest_route=\/wp\/v2\/pages\/1124"}],"wp:attachment":[{"href":"http:\/\/www.kuenstlerhaus-schirnding.de\/wordpress\/index.php?rest_route=%2Fwp%2Fv2%2Fmedia&parent=1151"}],"curies":[{"name":"wp","href":"https:\/\/api.w.org\/{rel}","templated":true}]}}