{"id":1155,"date":"2024-07-19T08:55:40","date_gmt":"2024-07-19T06:55:40","guid":{"rendered":"http:\/\/www.kuenstlerhaus-schirnding.de\/wordpress\/?page_id=1155"},"modified":"2024-07-19T08:55:40","modified_gmt":"2024-07-19T06:55:40","slug":"kulturprogramm-2024-kuenstlerfest","status":"publish","type":"page","link":"http:\/\/www.kuenstlerhaus-schirnding.de\/wordpress\/?page_id=1155","title":{"rendered":"Kulturprogramm 2024 &#8211; K\u00fcnstlerfest"},"content":{"rendered":"<p><strong>&#8222;K\u00fcnstlerfest &#8211; Alpengl\u00fchen und Edelwei\u00df&#8220;<\/strong><br \/>\n<strong>Fr. 02. August, ab 18.00 Uhr, Gemeindezentrum Schirnding<\/strong><\/p>\n<p><a href=\"http:\/\/www.kuenstlerhaus-schirnding.de\/wordpress\/wp-content\/uploads\/2024\/07\/Kuenstlerfest_vorne-scaled.jpg\" target=\"_blank\" rel=\"noopener\"><img loading=\"lazy\" decoding=\"async\" class=\"alignleft wp-image-1156 size-medium\" src=\"http:\/\/www.kuenstlerhaus-schirnding.de\/wordpress\/wp-content\/uploads\/2024\/07\/Kuenstlerfest_vorne-212x300.jpg\" alt=\"\" width=\"212\" height=\"300\" srcset=\"http:\/\/www.kuenstlerhaus-schirnding.de\/wordpress\/wp-content\/uploads\/2024\/07\/Kuenstlerfest_vorne-212x300.jpg 212w, http:\/\/www.kuenstlerhaus-schirnding.de\/wordpress\/wp-content\/uploads\/2024\/07\/Kuenstlerfest_vorne-724x1024.jpg 724w, http:\/\/www.kuenstlerhaus-schirnding.de\/wordpress\/wp-content\/uploads\/2024\/07\/Kuenstlerfest_vorne-768x1087.jpg 768w, http:\/\/www.kuenstlerhaus-schirnding.de\/wordpress\/wp-content\/uploads\/2024\/07\/Kuenstlerfest_vorne-1085x1536.jpg 1085w, http:\/\/www.kuenstlerhaus-schirnding.de\/wordpress\/wp-content\/uploads\/2024\/07\/Kuenstlerfest_vorne-1447x2048.jpg 1447w, http:\/\/www.kuenstlerhaus-schirnding.de\/wordpress\/wp-content\/uploads\/2024\/07\/Kuenstlerfest_vorne-900x1274.jpg 900w, http:\/\/www.kuenstlerhaus-schirnding.de\/wordpress\/wp-content\/uploads\/2024\/07\/Kuenstlerfest_vorne-1280x1812.jpg 1280w, http:\/\/www.kuenstlerhaus-schirnding.de\/wordpress\/wp-content\/uploads\/2024\/07\/Kuenstlerfest_vorne-scaled.jpg 1809w\" sizes=\"(max-width: 212px) 100vw, 212px\" \/><\/a> <a href=\"http:\/\/www.kuenstlerhaus-schirnding.de\/wordpress\/wp-content\/uploads\/2024\/07\/Kuenstlerfest_hinten-scaled.jpg\" target=\"_blank\" rel=\"noopener\"><img loading=\"lazy\" decoding=\"async\" class=\"alignleft wp-image-1157 size-medium\" src=\"http:\/\/www.kuenstlerhaus-schirnding.de\/wordpress\/wp-content\/uploads\/2024\/07\/Kuenstlerfest_hinten-212x300.jpg\" alt=\"\" width=\"212\" height=\"300\" srcset=\"http:\/\/www.kuenstlerhaus-schirnding.de\/wordpress\/wp-content\/uploads\/2024\/07\/Kuenstlerfest_hinten-212x300.jpg 212w, http:\/\/www.kuenstlerhaus-schirnding.de\/wordpress\/wp-content\/uploads\/2024\/07\/Kuenstlerfest_hinten-724x1024.jpg 724w, http:\/\/www.kuenstlerhaus-schirnding.de\/wordpress\/wp-content\/uploads\/2024\/07\/Kuenstlerfest_hinten-768x1086.jpg 768w, http:\/\/www.kuenstlerhaus-schirnding.de\/wordpress\/wp-content\/uploads\/2024\/07\/Kuenstlerfest_hinten-1086x1536.jpg 1086w, http:\/\/www.kuenstlerhaus-schirnding.de\/wordpress\/wp-content\/uploads\/2024\/07\/Kuenstlerfest_hinten-1448x2048.jpg 1448w, http:\/\/www.kuenstlerhaus-schirnding.de\/wordpress\/wp-content\/uploads\/2024\/07\/Kuenstlerfest_hinten-900x1273.jpg 900w, http:\/\/www.kuenstlerhaus-schirnding.de\/wordpress\/wp-content\/uploads\/2024\/07\/Kuenstlerfest_hinten-1280x1811.jpg 1280w, http:\/\/www.kuenstlerhaus-schirnding.de\/wordpress\/wp-content\/uploads\/2024\/07\/Kuenstlerfest_hinten-scaled.jpg 1810w\" sizes=\"(max-width: 212px) 100vw, 212px\" \/><\/a><\/p>\n<p>&nbsp;<\/p>\n","protected":false},"excerpt":{"rendered":"<p>&#8222;K\u00fcnstlerfest &#8211; Alpengl\u00fchen und Edelwei\u00df&#8220; Fr. 02. August, ab 18.00 Uhr, Gemeindezentrum Schirnding &nbsp;<\/p>\n","protected":false},"author":1,"featured_media":0,"parent":1124,"menu_order":3,"comment_status":"closed","ping_status":"closed","template":"","meta":{"footnotes":"","_links_to":"","_links_to_target":""},"_links":{"self":[{"href":"http:\/\/www.kuenstlerhaus-schirnding.de\/wordpress\/index.php?rest_route=\/wp\/v2\/pages\/1155"}],"collection":[{"href":"http:\/\/www.kuenstlerhaus-schirnding.de\/wordpress\/index.php?rest_route=\/wp\/v2\/pages"}],"about":[{"href":"http:\/\/www.kuenstlerhaus-schirnding.de\/wordpress\/index.php?rest_route=\/wp\/v2\/types\/page"}],"author":[{"embeddable":true,"href":"http:\/\/www.kuenstlerhaus-schirnding.de\/wordpress\/index.php?rest_route=\/wp\/v2\/users\/1"}],"replies":[{"embeddable":true,"href":"http:\/\/www.kuenstlerhaus-schirnding.de\/wordpress\/index.php?rest_route=%2Fwp%2Fv2%2Fcomments&post=1155"}],"version-history":[{"count":1,"href":"http:\/\/www.kuenstlerhaus-schirnding.de\/wordpress\/index.php?rest_route=\/wp\/v2\/pages\/1155\/revisions"}],"predecessor-version":[{"id":1158,"href":"http:\/\/www.kuenstlerhaus-schirnding.de\/wordpress\/index.php?rest_route=\/wp\/v2\/pages\/1155\/revisions\/1158"}],"up":[{"embeddable":true,"href":"http:\/\/www.kuenstlerhaus-schirnding.de\/wordpress\/index.php?rest_route=\/wp\/v2\/pages\/1124"}],"wp:attachment":[{"href":"http:\/\/www.kuenstlerhaus-schirnding.de\/wordpress\/index.php?rest_route=%2Fwp%2Fv2%2Fmedia&parent=1155"}],"curies":[{"name":"wp","href":"https:\/\/api.w.org\/{rel}","templated":true}]}}