{"id":1159,"date":"2024-07-19T09:10:32","date_gmt":"2024-07-19T07:10:32","guid":{"rendered":"http:\/\/www.kuenstlerhaus-schirnding.de\/wordpress\/?page_id=1159"},"modified":"2024-10-28T12:32:25","modified_gmt":"2024-10-28T10:32:25","slug":"kulturprogramm-2024-claudia-hoelzel","status":"publish","type":"page","link":"http:\/\/www.kuenstlerhaus-schirnding.de\/wordpress\/?page_id=1159","title":{"rendered":"Kulturprogramm 2024 &#8211; Claudia H\u00f6lzel"},"content":{"rendered":"<p><strong>\u201eZwischen Fl\u00e4che und Raum\u201c<br \/>\nWerke von Claudia H\u00f6lzel<br \/>\n<\/strong><strong>Ausstellung vom 08. November bis 01. Dezember<\/strong><br \/>\nAusstellungser\u00f6ffnung Fr. 08. November, 19.00 Uhr<br \/>\nAusstellung So. 14.00 \u2013 17.00 Uhr und nach Vereinbarung<\/p>\n<p><a href=\"http:\/\/www.kuenstlerhaus-schirnding.de\/wordpress\/wp-content\/uploads\/2024\/09\/Hoelzel_vorne-scaled.jpg\" target=\"_blank\" rel=\"noopener\"><img loading=\"lazy\" decoding=\"async\" class=\"aligncenter wp-image-1180 size-medium\" src=\"http:\/\/www.kuenstlerhaus-schirnding.de\/wordpress\/wp-content\/uploads\/2024\/09\/Hoelzel_vorne-212x300.jpg\" alt=\"\" width=\"212\" height=\"300\" srcset=\"http:\/\/www.kuenstlerhaus-schirnding.de\/wordpress\/wp-content\/uploads\/2024\/09\/Hoelzel_vorne-212x300.jpg 212w, http:\/\/www.kuenstlerhaus-schirnding.de\/wordpress\/wp-content\/uploads\/2024\/09\/Hoelzel_vorne-724x1024.jpg 724w, http:\/\/www.kuenstlerhaus-schirnding.de\/wordpress\/wp-content\/uploads\/2024\/09\/Hoelzel_vorne-768x1087.jpg 768w, http:\/\/www.kuenstlerhaus-schirnding.de\/wordpress\/wp-content\/uploads\/2024\/09\/Hoelzel_vorne-1085x1536.jpg 1085w, http:\/\/www.kuenstlerhaus-schirnding.de\/wordpress\/wp-content\/uploads\/2024\/09\/Hoelzel_vorne-1447x2048.jpg 1447w, http:\/\/www.kuenstlerhaus-schirnding.de\/wordpress\/wp-content\/uploads\/2024\/09\/Hoelzel_vorne-900x1274.jpg 900w, http:\/\/www.kuenstlerhaus-schirnding.de\/wordpress\/wp-content\/uploads\/2024\/09\/Hoelzel_vorne-1280x1812.jpg 1280w, http:\/\/www.kuenstlerhaus-schirnding.de\/wordpress\/wp-content\/uploads\/2024\/09\/Hoelzel_vorne-scaled.jpg 1809w\" sizes=\"(max-width: 212px) 100vw, 212px\" \/><\/a><\/p>\n<p style=\"text-align: justify;\"><strong>Claudia H\u00f6lzel<\/strong><br \/>\nDie in Freiburg geborene Textilk\u00fcnstlerin lebt seit 1979 im Landkreis Hof. Nach dem Studium an der Fachhochschule M\u00fcnchberg hat sie viele Jahre als Designerin in der oberfr\u00e4nkischen Textilindustrie gearbeitet. Seit 2011 ist sie als Textilk\u00fcnstlerin selbstst\u00e4ndig t\u00e4tig und mit ihren Arbeiten deutschlandweit bei zahlreichen Kunst-ausstellungen vertreten.<\/p>\n<p style=\"text-align: justify;\">Mitglied beim Berufsverband Bildender K\u00fcnstler Oberfranken.<a href=\"http:\/\/www.kuenstlerhaus-schirnding.de\/wordpress\/wp-content\/uploads\/2024\/07\/Portrait_CHoelzel.jpg\" target=\"_blank\" rel=\"noopener\"><img loading=\"lazy\" decoding=\"async\" class=\"alignright wp-image-1162 size-medium\" src=\"http:\/\/www.kuenstlerhaus-schirnding.de\/wordpress\/wp-content\/uploads\/2024\/07\/Portrait_CHoelzel-274x300.jpg\" alt=\"\" width=\"274\" height=\"300\" srcset=\"http:\/\/www.kuenstlerhaus-schirnding.de\/wordpress\/wp-content\/uploads\/2024\/07\/Portrait_CHoelzel-274x300.jpg 274w, http:\/\/www.kuenstlerhaus-schirnding.de\/wordpress\/wp-content\/uploads\/2024\/07\/Portrait_CHoelzel.jpg 745w\" sizes=\"(max-width: 274px) 100vw, 274px\" \/><\/a><\/p>\n<p style=\"text-align: justify;\">Textile Wandreliefs: Die Arbeiten von Claudia H\u00f6lzel bewegen sich zwischen Malerei, Plastik und textiler Collage. Meist kommen bemalte oder gef\u00e4rbte Stoffe zum Einsatz. Die Stoffe werden mit Maschinen- und Handn\u00e4hten verarbeitet \u2013 gefaltet, geschichtet, gerissen und reliefartig ausgeformt.<\/p>\n<p style=\"text-align: justify;\">Durch das Zusammenspiel von unterschiedlichsten Techniken und textiler Oberfl\u00e4chenstrukturen entstehen Bildkompositionen, die kein reales Abbild zeigen, sondern subjektiv empfundene Stimmungen wiedergeben.<\/p>\n<p style=\"text-align: justify;\">Grundlage aller Arbeiten ist die experimentelle Auseinandersetzung mit dem textilen Material.<\/p>\n<p style=\"text-align: justify;\">Claudia H\u00f6lzel ist am 08.11. und am 01.12.2024 in der Ausstellung anzutreffen.<\/p>\n<p>Weitere Infos:<br \/>\n<a href=\"http:\/\/www.claudia-hoelzel.de\" target=\"_blank\" rel=\"noopener\">www.claudia-hoelzel.de<\/a><\/p>\n<p style=\"text-align: justify;\"><strong>Fair Play Company<br \/>\n<\/strong>ein neues Projekt der Musiker Stefan Mehlan (Posaune), J\u00fcrgen Schenkl und Thomas Pitzl (Gitarre), Rainer Kolbeck (Bass) und Werner Sladek (Schlagzeug). Die Band spielt Eigenkompositionen und interpretiert auch St\u00fccke aus dem Bereich Jazz und Pop mit viel Freiraum f\u00fcr die Improvisationen der Musiker.<\/p>\n<p><a href=\"http:\/\/www.kuenstlerhaus-schirnding.de\/wordpress\/wp-content\/uploads\/2023\/02\/FAIR-PLAY-COMPANY.jpeg\"><img loading=\"lazy\" decoding=\"async\" class=\"aligncenter wp-image-1067 size-large\" src=\"http:\/\/www.kuenstlerhaus-schirnding.de\/wordpress\/wp-content\/uploads\/2023\/02\/FAIR-PLAY-COMPANY-1024x683.jpeg\" alt=\"\" width=\"629\" height=\"420\" srcset=\"http:\/\/www.kuenstlerhaus-schirnding.de\/wordpress\/wp-content\/uploads\/2023\/02\/FAIR-PLAY-COMPANY-1024x683.jpeg 1024w, http:\/\/www.kuenstlerhaus-schirnding.de\/wordpress\/wp-content\/uploads\/2023\/02\/FAIR-PLAY-COMPANY-300x200.jpeg 300w, http:\/\/www.kuenstlerhaus-schirnding.de\/wordpress\/wp-content\/uploads\/2023\/02\/FAIR-PLAY-COMPANY-768x512.jpeg 768w, http:\/\/www.kuenstlerhaus-schirnding.de\/wordpress\/wp-content\/uploads\/2023\/02\/FAIR-PLAY-COMPANY-900x600.jpeg 900w, http:\/\/www.kuenstlerhaus-schirnding.de\/wordpress\/wp-content\/uploads\/2023\/02\/FAIR-PLAY-COMPANY-1280x853.jpeg 1280w, http:\/\/www.kuenstlerhaus-schirnding.de\/wordpress\/wp-content\/uploads\/2023\/02\/FAIR-PLAY-COMPANY-120x80.jpeg 120w\" sizes=\"(max-width: 629px) 100vw, 629px\" \/><\/a><\/p>\n","protected":false},"excerpt":{"rendered":"<p>\u201eZwischen Fl\u00e4che und Raum\u201c Werke von Claudia H\u00f6lzel Ausstellung vom 08. November bis 01. Dezember Ausstellungser\u00f6ffnung Fr. 08. November, 19.00 Uhr Ausstellung So. 14.00 \u2013 17.00 Uhr und nach Vereinbarung Claudia H\u00f6lzel Die in Freiburg geborene Textilk\u00fcnstlerin lebt seit 1979 im Landkreis Hof. Nach dem Studium an der Fachhochschule M\u00fcnchberg hat sie viele Jahre als [&hellip;]<\/p>\n","protected":false},"author":1,"featured_media":0,"parent":1124,"menu_order":6,"comment_status":"closed","ping_status":"closed","template":"","meta":{"footnotes":"","_links_to":"","_links_to_target":""},"_links":{"self":[{"href":"http:\/\/www.kuenstlerhaus-schirnding.de\/wordpress\/index.php?rest_route=\/wp\/v2\/pages\/1159"}],"collection":[{"href":"http:\/\/www.kuenstlerhaus-schirnding.de\/wordpress\/index.php?rest_route=\/wp\/v2\/pages"}],"about":[{"href":"http:\/\/www.kuenstlerhaus-schirnding.de\/wordpress\/index.php?rest_route=\/wp\/v2\/types\/page"}],"author":[{"embeddable":true,"href":"http:\/\/www.kuenstlerhaus-schirnding.de\/wordpress\/index.php?rest_route=\/wp\/v2\/users\/1"}],"replies":[{"embeddable":true,"href":"http:\/\/www.kuenstlerhaus-schirnding.de\/wordpress\/index.php?rest_route=%2Fwp%2Fv2%2Fcomments&post=1159"}],"version-history":[{"count":7,"href":"http:\/\/www.kuenstlerhaus-schirnding.de\/wordpress\/index.php?rest_route=\/wp\/v2\/pages\/1159\/revisions"}],"predecessor-version":[{"id":1198,"href":"http:\/\/www.kuenstlerhaus-schirnding.de\/wordpress\/index.php?rest_route=\/wp\/v2\/pages\/1159\/revisions\/1198"}],"up":[{"embeddable":true,"href":"http:\/\/www.kuenstlerhaus-schirnding.de\/wordpress\/index.php?rest_route=\/wp\/v2\/pages\/1124"}],"wp:attachment":[{"href":"http:\/\/www.kuenstlerhaus-schirnding.de\/wordpress\/index.php?rest_route=%2Fwp%2Fv2%2Fmedia&parent=1159"}],"curies":[{"name":"wp","href":"https:\/\/api.w.org\/{rel}","templated":true}]}}