{"id":1171,"date":"2024-08-14T10:20:33","date_gmt":"2024-08-14T08:20:33","guid":{"rendered":"http:\/\/www.kuenstlerhaus-schirnding.de\/wordpress\/?page_id=1171"},"modified":"2024-08-16T08:31:55","modified_gmt":"2024-08-16T06:31:55","slug":"kulturprogramm-2024-kunstmarkt-zum-21-schirndinger-dorfmarkt","status":"publish","type":"page","link":"http:\/\/www.kuenstlerhaus-schirnding.de\/wordpress\/?page_id=1171","title":{"rendered":"Kulturprogramm 2024 &#8211; Kunstmarkt beim 21. Schirndinger Dorfmarkt"},"content":{"rendered":"<p><strong>Kunstmarkt beim 21. Schirndinger Dorfmarkt \u2013 Ein Fest der Kreativit\u00e4t im neuen Gemeindezentrum<\/strong><\/p>\n<p><a href=\"http:\/\/www.kuenstlerhaus-schirnding.de\/wordpress\/wp-content\/uploads\/2024\/08\/Bilderverkauf_Dorfmarkt_vorne-1-scaled.jpg\" target=\"_blank\" rel=\"noopener\"><img loading=\"lazy\" decoding=\"async\" class=\"aligncenter wp-image-1176 size-medium\" src=\"http:\/\/www.kuenstlerhaus-schirnding.de\/wordpress\/wp-content\/uploads\/2024\/08\/Bilderverkauf_Dorfmarkt_vorne-1-212x300.jpg\" alt=\"\" width=\"212\" height=\"300\" srcset=\"http:\/\/www.kuenstlerhaus-schirnding.de\/wordpress\/wp-content\/uploads\/2024\/08\/Bilderverkauf_Dorfmarkt_vorne-1-212x300.jpg 212w, http:\/\/www.kuenstlerhaus-schirnding.de\/wordpress\/wp-content\/uploads\/2024\/08\/Bilderverkauf_Dorfmarkt_vorne-1-724x1024.jpg 724w, http:\/\/www.kuenstlerhaus-schirnding.de\/wordpress\/wp-content\/uploads\/2024\/08\/Bilderverkauf_Dorfmarkt_vorne-1-768x1087.jpg 768w, http:\/\/www.kuenstlerhaus-schirnding.de\/wordpress\/wp-content\/uploads\/2024\/08\/Bilderverkauf_Dorfmarkt_vorne-1-1085x1536.jpg 1085w, http:\/\/www.kuenstlerhaus-schirnding.de\/wordpress\/wp-content\/uploads\/2024\/08\/Bilderverkauf_Dorfmarkt_vorne-1-1447x2048.jpg 1447w, http:\/\/www.kuenstlerhaus-schirnding.de\/wordpress\/wp-content\/uploads\/2024\/08\/Bilderverkauf_Dorfmarkt_vorne-1-900x1274.jpg 900w, http:\/\/www.kuenstlerhaus-schirnding.de\/wordpress\/wp-content\/uploads\/2024\/08\/Bilderverkauf_Dorfmarkt_vorne-1-1280x1812.jpg 1280w, http:\/\/www.kuenstlerhaus-schirnding.de\/wordpress\/wp-content\/uploads\/2024\/08\/Bilderverkauf_Dorfmarkt_vorne-1-scaled.jpg 1809w\" sizes=\"(max-width: 212px) 100vw, 212px\" \/><\/a><\/p>\n<p style=\"text-align: justify;\">Der F\u00f6rderverein \u201eK\u00fcnstlerhaus Schirnding e.V.\u201c l\u00e4dt alle Kunstinteressierten und Besucher am diesj\u00e4hrigen 21. Schirndinger Dorfmarkt ins Gemeindezentrum ein. Dort erwartet die G\u00e4ste ein Kunstmarkt, der Vielfalt und Kreativit\u00e4t europ\u00e4ischer K\u00fcnstlerinnen und K\u00fcnstler pr\u00e4sentiert.<\/p>\n<p style=\"text-align: justify;\">In einer inspirierenden Atmosph\u00e4re k\u00f6nnen die Besucher au\u00dfergew\u00f6hnliche Kunstwerke bewundern, die aus den letzten 19 Jahren des kulturellen Schaffens im K\u00fcnstlerhaus Schirnding stammen. Die Ausstellung bietet eine breite Palette an Ausdrucksformen, die das kreative Potential der Region und dar\u00fcber hinaus widerspiegeln.<\/p>\n<p style=\"text-align: justify;\">F\u00fcr alle, die in der Kunstwelt auf Entdeckungsreise gehen m\u00f6chten, ist dies eine einmalige Gelegenheit, nicht nur die Werke zu bestaunen, sondern auch die M\u00f6glichkeit zu nutzen, ein Lieblingsst\u00fcck direkt vor Ort zu erwerben. Sollte ein Kunstwerk besonders ins Herz geschlossen werden, kann es zudem f\u00fcr eine sp\u00e4tere Abholung reserviert werden. Der gesamte Erl\u00f6s des Kunstmarktes flie\u00dft direkt in die Projekte des F\u00f6rdervereins und unterst\u00fctzt somit die kulturelle Entwicklung in unserer Gemeinde.<\/p>\n<p style=\"text-align: justify;\">Der F\u00f6rderverein \u201eK\u00fcnstlerhaus Schirnding e.V.\u201c freut sich darauf, gemeinsam mit allen G\u00e4sten ein unvergessliches Erlebnis zu schaffen, das Kunst und Gemeinschaft verbindet. Lassen Sie sich von der Kreativit\u00e4t und Leidenschaft der K\u00fcnstlerinnen und K\u00fcnstler inspirieren und genie\u00dfen Sie einen wundersch\u00f6nen Dorfmarkt voller Leben, Kunst und Begegnungen.<\/p>\n<p style=\"text-align: justify;\">Wir freuen uns auf Ihr Kommen, auf eine tolle Ausstellung und auf einen wundersch\u00f6nen Dorfmarkt!<\/p>\n<p style=\"text-align: justify;\">Wir bedanken uns zudem bei allen K\u00fcnstlerinnen und K\u00fcnstlern, die uns ihre Werke f\u00fcr die Ausstellung und den Verkauf zur Verf\u00fcgung gestellt haben.<\/p>\n","protected":false},"excerpt":{"rendered":"<p>Kunstmarkt beim 21. Schirndinger Dorfmarkt \u2013 Ein Fest der Kreativit\u00e4t im neuen Gemeindezentrum Der F\u00f6rderverein \u201eK\u00fcnstlerhaus Schirnding e.V.\u201c l\u00e4dt alle Kunstinteressierten und Besucher am diesj\u00e4hrigen 21. Schirndinger Dorfmarkt ins Gemeindezentrum ein. Dort erwartet die G\u00e4ste ein Kunstmarkt, der Vielfalt und Kreativit\u00e4t europ\u00e4ischer K\u00fcnstlerinnen und K\u00fcnstler pr\u00e4sentiert. In einer inspirierenden Atmosph\u00e4re k\u00f6nnen die Besucher au\u00dfergew\u00f6hnliche Kunstwerke [&hellip;]<\/p>\n","protected":false},"author":1,"featured_media":0,"parent":1124,"menu_order":4,"comment_status":"closed","ping_status":"closed","template":"","meta":{"footnotes":"","_links_to":"","_links_to_target":""},"_links":{"self":[{"href":"http:\/\/www.kuenstlerhaus-schirnding.de\/wordpress\/index.php?rest_route=\/wp\/v2\/pages\/1171"}],"collection":[{"href":"http:\/\/www.kuenstlerhaus-schirnding.de\/wordpress\/index.php?rest_route=\/wp\/v2\/pages"}],"about":[{"href":"http:\/\/www.kuenstlerhaus-schirnding.de\/wordpress\/index.php?rest_route=\/wp\/v2\/types\/page"}],"author":[{"embeddable":true,"href":"http:\/\/www.kuenstlerhaus-schirnding.de\/wordpress\/index.php?rest_route=\/wp\/v2\/users\/1"}],"replies":[{"embeddable":true,"href":"http:\/\/www.kuenstlerhaus-schirnding.de\/wordpress\/index.php?rest_route=%2Fwp%2Fv2%2Fcomments&post=1171"}],"version-history":[{"count":5,"href":"http:\/\/www.kuenstlerhaus-schirnding.de\/wordpress\/index.php?rest_route=\/wp\/v2\/pages\/1171\/revisions"}],"predecessor-version":[{"id":1178,"href":"http:\/\/www.kuenstlerhaus-schirnding.de\/wordpress\/index.php?rest_route=\/wp\/v2\/pages\/1171\/revisions\/1178"}],"up":[{"embeddable":true,"href":"http:\/\/www.kuenstlerhaus-schirnding.de\/wordpress\/index.php?rest_route=\/wp\/v2\/pages\/1124"}],"wp:attachment":[{"href":"http:\/\/www.kuenstlerhaus-schirnding.de\/wordpress\/index.php?rest_route=%2Fwp%2Fv2%2Fmedia&parent=1171"}],"curies":[{"name":"wp","href":"https:\/\/api.w.org\/{rel}","templated":true}]}}