{"id":1183,"date":"2024-09-19T09:35:05","date_gmt":"2024-09-19T07:35:05","guid":{"rendered":"http:\/\/www.kuenstlerhaus-schirnding.de\/wordpress\/?page_id=1183"},"modified":"2024-10-22T09:59:21","modified_gmt":"2024-10-22T07:59:21","slug":"kulturprogramm-2024-gery-gerspitzer-live-in-concert","status":"publish","type":"page","link":"http:\/\/www.kuenstlerhaus-schirnding.de\/wordpress\/?page_id=1183","title":{"rendered":"Kulturprogramm 2024 &#8211; Gery Gerspitzer LIVE IN CONCERT"},"content":{"rendered":"<p><strong>Gery Gerspitzer LIVE IN CONCERT &#8211; Fredl Fesl Abend<br \/>\n<\/strong><strong>Sa. 26. Oktober, 19.00 Uhr &#8211; Einlass ab 18.30 Uhr<br \/>\nGemeindehalle (Kirchberg 4, 95706 Schirnding)<br \/>\nEintritt 14,00 \u20ac (Abendkasse)<br \/>\n<\/strong><\/p>\n<p class=\"font_8 wixui-rich-text__text\"><span class=\"color_35 wixui-rich-text__text\"><span class=\"wixui-rich-text__text\"><a href=\"http:\/\/www.kuenstlerhaus-schirnding.de\/wordpress\/wp-content\/uploads\/2024\/09\/Gerspitzer-scaled.jpg\" target=\"_blank\" rel=\"noopener\"><img loading=\"lazy\" decoding=\"async\" class=\"aligncenter wp-image-1184 size-medium\" src=\"http:\/\/www.kuenstlerhaus-schirnding.de\/wordpress\/wp-content\/uploads\/2024\/09\/Gerspitzer-212x300.jpg\" alt=\"\" width=\"212\" height=\"300\" srcset=\"http:\/\/www.kuenstlerhaus-schirnding.de\/wordpress\/wp-content\/uploads\/2024\/09\/Gerspitzer-212x300.jpg 212w, http:\/\/www.kuenstlerhaus-schirnding.de\/wordpress\/wp-content\/uploads\/2024\/09\/Gerspitzer-723x1024.jpg 723w, http:\/\/www.kuenstlerhaus-schirnding.de\/wordpress\/wp-content\/uploads\/2024\/09\/Gerspitzer-768x1087.jpg 768w, http:\/\/www.kuenstlerhaus-schirnding.de\/wordpress\/wp-content\/uploads\/2024\/09\/Gerspitzer-1085x1536.jpg 1085w, http:\/\/www.kuenstlerhaus-schirnding.de\/wordpress\/wp-content\/uploads\/2024\/09\/Gerspitzer-1447x2048.jpg 1447w, http:\/\/www.kuenstlerhaus-schirnding.de\/wordpress\/wp-content\/uploads\/2024\/09\/Gerspitzer-900x1274.jpg 900w, http:\/\/www.kuenstlerhaus-schirnding.de\/wordpress\/wp-content\/uploads\/2024\/09\/Gerspitzer-1280x1812.jpg 1280w, http:\/\/www.kuenstlerhaus-schirnding.de\/wordpress\/wp-content\/uploads\/2024\/09\/Gerspitzer-scaled.jpg 1808w\" sizes=\"(max-width: 212px) 100vw, 212px\" \/><\/a><\/span><\/span><\/p>\n<p class=\"font_8 wixui-rich-text__text\" style=\"text-align: justify;\"><span class=\"wixui-rich-text__text\">Er ist der sympathische niederbayerische Barde, den jeder kennt. Nicht nur ein gewichtiger K\u00f6nner an seiner Gitarre, sondern auch ein Wortakrobat. Ein Tausendsassa und der eigentliche Erfinder des bayrischen Musik-Kabaretts &#8211; Fredl Fesl! Sobald er das Fensterln bei der Liesl oder die Moritat vom Ritter Hadubrand besang und sich dazu selbst auf der Gitarre begleitete, hatte er das lachende Publikum auf seiner Seite. 30 Jahre stand der bayerische Liedermacher Fredl Fesl auf der B\u00fchne. Neben den satirisch angehauchten und lustigen Liedtexten wurden die minutenlangen <\/span><span class=\"wixui-rich-text__text\">ironischen\u00a0Anmoderationen das Markenzeichen von Fredl Fesl. <\/span><\/p>\n<p class=\"font_8 wixui-rich-text__text\" style=\"text-align: justify;\"><span class=\"wixui-rich-text__text\">Im oberfr\u00e4nkischen Hof an der Saale gibt es einen Musiker, der den niederbayerischen Dialekt\u00a0zweifelsohne beherrscht und dem die Lieder vertrauter sind wie keinem anderen, da er sie\u00a0seit seinem f\u00fcnfzehnten Lebensjahr auf Kassetten und Schallplatten \u201erauf und runter\u201c h\u00f6rt.\u00a0Musiker, Liederist, Entertainer und Radio-Moderator <\/span><span class=\"wixui-rich-text__text\">Gery Gerspitzer<\/span><span class=\"wixui-rich-text__text\"> bringt in seinem neuen Solo-Programm, dem \u201eFredl Fesl-Abend\u201c, das K\u00f6nnen des Urgesteins erneut auf die bayerischen B\u00fchnen und l\u00e4sst sein m\u00e4chtiges Liedgut originalgetreu erklingen. Gery Gerspitzer stellte ein Best-Of-Programm auf die Beine, das seinesgleichen sucht. Seit M\u00e4rz 2018 geht er mit seinem \u201eFredl Fesl-Abend\u201c erfolgreich auf Tour und sorgt mit den unvergesslichen Liedern f\u00fcr kurzweilige Abende mit Lachgarantie. Ob das \u201eFu\u00dfballlied\u201c, \u201eDas Lied vom Rausch\u201c, oder der \u201eK\u00f6nigsjodler\u201c &#8211; er hat sie alle im Gep\u00e4ck. Mit Flanellhemd, Gitarre und einem gef\u00fcllten Bierglas tritt Gery Gerspitzer vor sein Publikum und l\u00e4sst zwei Stunden lang Revue passieren und Erinnerungen wach werden an einen Mann, der bayerische Musikgeschichte schrieb &#8211; Fredl Fesl.<\/span><\/p>\n<p>Weitere Informationen: <a href=\"https:\/\/www.gerygerspitzer.de\/\" target=\"_blank\" rel=\"noopener\">www.gerygerspitzer.de<\/a><\/p>\n","protected":false},"excerpt":{"rendered":"<p>Gery Gerspitzer LIVE IN CONCERT &#8211; Fredl Fesl Abend Sa. 26. Oktober, 19.00 Uhr &#8211; Einlass ab 18.30 Uhr Gemeindehalle (Kirchberg 4, 95706 Schirnding) Eintritt 14,00 \u20ac (Abendkasse) Er ist der sympathische niederbayerische Barde, den jeder kennt. Nicht nur ein gewichtiger K\u00f6nner an seiner Gitarre, sondern auch ein Wortakrobat. Ein Tausendsassa und der eigentliche Erfinder [&hellip;]<\/p>\n","protected":false},"author":1,"featured_media":0,"parent":1124,"menu_order":5,"comment_status":"closed","ping_status":"closed","template":"","meta":{"footnotes":"","_links_to":"","_links_to_target":""},"_links":{"self":[{"href":"http:\/\/www.kuenstlerhaus-schirnding.de\/wordpress\/index.php?rest_route=\/wp\/v2\/pages\/1183"}],"collection":[{"href":"http:\/\/www.kuenstlerhaus-schirnding.de\/wordpress\/index.php?rest_route=\/wp\/v2\/pages"}],"about":[{"href":"http:\/\/www.kuenstlerhaus-schirnding.de\/wordpress\/index.php?rest_route=\/wp\/v2\/types\/page"}],"author":[{"embeddable":true,"href":"http:\/\/www.kuenstlerhaus-schirnding.de\/wordpress\/index.php?rest_route=\/wp\/v2\/users\/1"}],"replies":[{"embeddable":true,"href":"http:\/\/www.kuenstlerhaus-schirnding.de\/wordpress\/index.php?rest_route=%2Fwp%2Fv2%2Fcomments&post=1183"}],"version-history":[{"count":12,"href":"http:\/\/www.kuenstlerhaus-schirnding.de\/wordpress\/index.php?rest_route=\/wp\/v2\/pages\/1183\/revisions"}],"predecessor-version":[{"id":1197,"href":"http:\/\/www.kuenstlerhaus-schirnding.de\/wordpress\/index.php?rest_route=\/wp\/v2\/pages\/1183\/revisions\/1197"}],"up":[{"embeddable":true,"href":"http:\/\/www.kuenstlerhaus-schirnding.de\/wordpress\/index.php?rest_route=\/wp\/v2\/pages\/1124"}],"wp:attachment":[{"href":"http:\/\/www.kuenstlerhaus-schirnding.de\/wordpress\/index.php?rest_route=%2Fwp%2Fv2%2Fmedia&parent=1183"}],"curies":[{"name":"wp","href":"https:\/\/api.w.org\/{rel}","templated":true}]}}