{"id":1202,"date":"2025-02-13T17:59:43","date_gmt":"2025-02-13T15:59:43","guid":{"rendered":"http:\/\/www.kuenstlerhaus-schirnding.de\/wordpress\/?page_id=1202"},"modified":"2025-12-17T16:50:30","modified_gmt":"2025-12-17T14:50:30","slug":"kulturprogramm-2025","status":"publish","type":"page","link":"http:\/\/www.kuenstlerhaus-schirnding.de\/wordpress\/?page_id=1202","title":{"rendered":"KULTURPROGRAMM 2025"},"content":{"rendered":"<p>\u201e<strong>Ansichtssachen\u201c<br \/>\n<\/strong><strong>Werke von Jan-Dirk M\u00fcller-Esdohr und Daniel Trzcielinski<br \/>\n<\/strong><strong>Ausstellung vom 22. M\u00e4rz bis 13. April<\/strong><br \/>\nAusstellungser\u00f6ffnung Sa. 22. M\u00e4rz, 19.00 Uhr<br \/>\nAusstellung So. 14.00 \u2013 17.00 Uhr und nach Vereinbarung<br \/>\nOberes Foyer des Gemeindezentrums Hauptstr. 15 in Schirnding<br \/>\n<a href=\"http:\/\/www.kuenstlerhaus-schirnding.de\/wordpress\/?page_id=1213\">[Mehr]<\/a><\/p>\n<p>\u201e<strong>KUNST, Kaffee &amp; Kuchen\u201c<br \/>\n<\/strong>Zur Ausstellung von Jan-Dirk M\u00fcller-Esdohr und Daniel Trzcielinski<br \/>\nam Sonntag, den 30.03.2025 von 14.00 &#8211; 17.00 Uhr<br \/>\nOberes Foyer des Gemeindezentrums Hauptstr. 15 in Schirnding<br \/>\n<a href=\"http:\/\/www.kuenstlerhaus-schirnding.de\/wordpress\/?page_id=1219\">[Mehr]<\/a><\/p>\n<p>\u201e<strong>Zwischen den Linien\u201c<br \/>\n<\/strong><strong>Werke von Lauretta Hildegard Wiss<br \/>\n<\/strong><strong>Ausstellung vom 09. Mai bis 01. Juni<\/strong><br \/>\nAusstellungser\u00f6ffnung Fr. 09. Mai, 19.00 Uhr<br \/>\nMusik: &#8222;Blauregen&#8220;<br \/>\nAusstellung So. 14.00 \u2013 17.00 Uhr und nach Vereinbarung<br \/>\nOberes Foyer des Gemeindezentrums Hauptstr. 15 in Schirnding<br \/>\n<a href=\"http:\/\/www.kuenstlerhaus-schirnding.de\/wordpress\/?page_id=1227\">[Mehr]<\/a><\/p>\n<p><strong>Konzert mit &#8222;ChorDiSono&#8220;<\/strong><strong><br \/>\n<\/strong><strong>Samstag, 17. Mai 2025, 19.00 Uhr<\/strong><br \/>\nEintritt: 13,00 \u20ac (Vorverkauf und Abendkasse)<br \/>\nSaal (OG) des Gemeindezentrums Hauptstr. 15 in Schirnding<br \/>\n<a href=\"http:\/\/www.kuenstlerhaus-schirnding.de\/wordpress\/?page_id=1230\">[Mehr]<\/a><\/p>\n<p>\u201e<strong>Der Strand, der Himmel und das Meer\u201c<br \/>\n<\/strong><strong>Werke von Russell Newman<br \/>\n<\/strong><strong>Ausstellung vom 11. Juli bis 10. August<\/strong><br \/>\nAusstellungser\u00f6ffnung Fr. 11. Juli, 19.00 Uhr<br \/>\nAusstellung So. 14.00 \u2013 17.00 Uhr und nach Vereinbarung<br \/>\nOberes Foyer des Gemeindezentrums Hauptstr. 15 in Schirnding<br \/>\n<a href=\"http:\/\/www.kuenstlerhaus-schirnding.de\/wordpress\/?page_id=1237\">[Mehr]<\/a><\/p>\n<p><strong>K\u00fcnstlerfest<\/strong><strong> &#8222;Sommerparty&#8220;<br \/>\n<\/strong><strong>Freitag, 01. August 2025, ab 18.00 Uhr<\/strong><br \/>\nMusik: &#8222;ICON X&#8220;<br \/>\nInnenhof des Gemeindezentrums Hauptstr. 15 in Schirnding<br \/>\n<a href=\"http:\/\/www.kuenstlerhaus-schirnding.de\/wordpress\/?page_id=1241\">[Mehr]<\/a><\/p>\n<p>\u201e<strong>Oldies vs. Fantastic Minds\u201c<br \/>\n<\/strong><strong>Werke der Geschwister Laura und Kevin M\u00fcller<br \/>\n<\/strong><strong>Ausstellung vom 12. September bis 05. Oktober<\/strong><br \/>\nAusstellungser\u00f6ffnung Fr. 12. September, 19.00 Uhr<br \/>\nMusik: &#8222;Heritage Effect&#8220;<br \/>\nAusstellung So. 14.00 \u2013 17.00 Uhr und nach Vereinbarung<br \/>\nOberes Foyer des Gemeindezentrums Hauptstr. 15 in Schirnding<br \/>\n<a href=\"http:\/\/www.kuenstlerhaus-schirnding.de\/wordpress\/?page_id=1244\">[Mehr]<\/a><\/p>\n<p>\u201e<strong>Fotografie: Freude und Faszination\u201c<br \/>\n<\/strong><strong>Werke von Claudia Wilhelm<br \/>\n<\/strong><strong>Ausstellung vom 17. Oktober bis 09. November<\/strong><br \/>\nAusstellungser\u00f6ffnung Fr. 17. Oktober, 19.00 Uhr<br \/>\nAusstellung So. 14.00 \u2013 17.00 Uhr und nach Vereinbarung<br \/>\nOberes Foyer des Gemeindezentrums Hauptstr. 15 in Schirnding<br \/>\n<a href=\"http:\/\/www.kuenstlerhaus-schirnding.de\/wordpress\/?page_id=1246\">[Mehr]<\/a><\/p>\n<p><strong>Benefizkonzert mit &#8222;Fair-Play-Company&#8220;<\/strong><strong><br \/>\n<\/strong><strong>Samstag, 18. Oktober 2025, 19.00 Uhr<\/strong><br \/>\nSaal (OG) des Gemeindezentrums Hauptstr. 15 in Schirnding<br \/>\n<a href=\"http:\/\/www.kuenstlerhaus-schirnding.de\/wordpress\/?page_id=1248\">[Mehr]<\/a><\/p>\n<p>Weitere Veranstaltungen werden nach und nach hinzugef\u00fcgt!<\/p>\n<p>&nbsp;<\/p>\n","protected":false},"excerpt":{"rendered":"<p>\u201eAnsichtssachen\u201c Werke von Jan-Dirk M\u00fcller-Esdohr und Daniel Trzcielinski Ausstellung vom 22. M\u00e4rz bis 13. April Ausstellungser\u00f6ffnung Sa. 22. M\u00e4rz, 19.00 Uhr Ausstellung So. 14.00 \u2013 17.00 Uhr und nach Vereinbarung Oberes Foyer des Gemeindezentrums Hauptstr. 15 in Schirnding [Mehr] \u201eKUNST, Kaffee &amp; Kuchen\u201c Zur Ausstellung von Jan-Dirk M\u00fcller-Esdohr und Daniel Trzcielinski am Sonntag, den 30.03.2025 [&hellip;]<\/p>\n","protected":false},"author":1,"featured_media":0,"parent":6,"menu_order":3,"comment_status":"closed","ping_status":"closed","template":"","meta":{"footnotes":"","_links_to":"","_links_to_target":""},"_links":{"self":[{"href":"http:\/\/www.kuenstlerhaus-schirnding.de\/wordpress\/index.php?rest_route=\/wp\/v2\/pages\/1202"}],"collection":[{"href":"http:\/\/www.kuenstlerhaus-schirnding.de\/wordpress\/index.php?rest_route=\/wp\/v2\/pages"}],"about":[{"href":"http:\/\/www.kuenstlerhaus-schirnding.de\/wordpress\/index.php?rest_route=\/wp\/v2\/types\/page"}],"author":[{"embeddable":true,"href":"http:\/\/www.kuenstlerhaus-schirnding.de\/wordpress\/index.php?rest_route=\/wp\/v2\/users\/1"}],"replies":[{"embeddable":true,"href":"http:\/\/www.kuenstlerhaus-schirnding.de\/wordpress\/index.php?rest_route=%2Fwp%2Fv2%2Fcomments&post=1202"}],"version-history":[{"count":14,"href":"http:\/\/www.kuenstlerhaus-schirnding.de\/wordpress\/index.php?rest_route=\/wp\/v2\/pages\/1202\/revisions"}],"predecessor-version":[{"id":1250,"href":"http:\/\/www.kuenstlerhaus-schirnding.de\/wordpress\/index.php?rest_route=\/wp\/v2\/pages\/1202\/revisions\/1250"}],"up":[{"embeddable":true,"href":"http:\/\/www.kuenstlerhaus-schirnding.de\/wordpress\/index.php?rest_route=\/wp\/v2\/pages\/6"}],"wp:attachment":[{"href":"http:\/\/www.kuenstlerhaus-schirnding.de\/wordpress\/index.php?rest_route=%2Fwp%2Fv2%2Fmedia&parent=1202"}],"curies":[{"name":"wp","href":"https:\/\/api.w.org\/{rel}","templated":true}]}}