{"id":1213,"date":"2025-02-26T12:57:39","date_gmt":"2025-02-26T10:57:39","guid":{"rendered":"http:\/\/www.kuenstlerhaus-schirnding.de\/wordpress\/?page_id=1213"},"modified":"2025-04-23T09:28:59","modified_gmt":"2025-04-23T07:28:59","slug":"kulturprogramm-2025-jan-dirk-mueller-esdohr-und-daniel-trzcielinski","status":"publish","type":"page","link":"http:\/\/www.kuenstlerhaus-schirnding.de\/wordpress\/?page_id=1213","title":{"rendered":"Kulturprogramm 2025 &#8211; Jan-Dirk M\u00fcller-Esdohr und Daniel Trzcielinski"},"content":{"rendered":"<p><strong>&#8222;Ansichtssachen&#8220;<br \/>\nWerke von Jan-Dirk M\u00fcller-Esdohr und Daniel Trzcielinski<br \/>\n<\/strong><strong>Ausstellung vom 22. M\u00e4rz bis 13. April<\/strong><br \/>\nAusstellungser\u00f6ffnung Sa. 22. M\u00e4rz, 19.00 Uhr<br \/>\nAusstellung So. 14.00 \u2013 17.00 Uhr und nach Vereinbarung<br \/>\nOberes Foyer des Gemeindezentrums Hauptstr. 15 in Schirnding<\/p>\n<p><a href=\"http:\/\/www.kuenstlerhaus-schirnding.de\/wordpress\/wp-content\/uploads\/2025\/02\/Mueller-Esdohr_Trzcielinski_vorne_neu-scaled.jpg\"><img loading=\"lazy\" decoding=\"async\" class=\"aligncenter wp-image-1214 size-medium\" src=\"http:\/\/www.kuenstlerhaus-schirnding.de\/wordpress\/wp-content\/uploads\/2025\/02\/Mueller-Esdohr_Trzcielinski_vorne_neu-212x300.jpg\" alt=\"\" width=\"212\" height=\"300\" srcset=\"http:\/\/www.kuenstlerhaus-schirnding.de\/wordpress\/wp-content\/uploads\/2025\/02\/Mueller-Esdohr_Trzcielinski_vorne_neu-212x300.jpg 212w, http:\/\/www.kuenstlerhaus-schirnding.de\/wordpress\/wp-content\/uploads\/2025\/02\/Mueller-Esdohr_Trzcielinski_vorne_neu-724x1024.jpg 724w, http:\/\/www.kuenstlerhaus-schirnding.de\/wordpress\/wp-content\/uploads\/2025\/02\/Mueller-Esdohr_Trzcielinski_vorne_neu-768x1087.jpg 768w, http:\/\/www.kuenstlerhaus-schirnding.de\/wordpress\/wp-content\/uploads\/2025\/02\/Mueller-Esdohr_Trzcielinski_vorne_neu-1085x1536.jpg 1085w, http:\/\/www.kuenstlerhaus-schirnding.de\/wordpress\/wp-content\/uploads\/2025\/02\/Mueller-Esdohr_Trzcielinski_vorne_neu-1447x2048.jpg 1447w, http:\/\/www.kuenstlerhaus-schirnding.de\/wordpress\/wp-content\/uploads\/2025\/02\/Mueller-Esdohr_Trzcielinski_vorne_neu-900x1274.jpg 900w, http:\/\/www.kuenstlerhaus-schirnding.de\/wordpress\/wp-content\/uploads\/2025\/02\/Mueller-Esdohr_Trzcielinski_vorne_neu-1280x1812.jpg 1280w, http:\/\/www.kuenstlerhaus-schirnding.de\/wordpress\/wp-content\/uploads\/2025\/02\/Mueller-Esdohr_Trzcielinski_vorne_neu-scaled.jpg 1809w\" sizes=\"(max-width: 212px) 100vw, 212px\" \/><\/a><\/p>\n<p style=\"text-align: justify;\"><strong>Jan-Dirk M\u00fcller-Esdohr<\/strong><br \/>\nF\u00fcr mich ist die Fotografie ein kreativer Prozess aus sehen, wahrnehmen, empfinden, werten, gestalten, spielen, ausprobieren, festhalten, loslassen, zeigen und dar\u00fcber hinaus in den Dialog gehen. Wenn Kreativit\u00e4t und die technischen M\u00f6glichkeiten der Fotografie zusammenkommen passiert oft Wunderbares, denn durch die Fotografie setze ich mich konkret mit meiner aktuellen Umwelt auseinander, entdecke und erlebe neue Facetten meiner Umgebung und zeige mit meinen Bildern und Serien meine pers\u00f6nliche Sicht auf die Dinge, Meine Fotografien und -grafiken sind letztendlich die Materialisierung meiner Gedanken, Emotionen und Entscheidungen, teils Reflexionen von Gespr\u00e4chen mit mir selbst.<br \/>\n\u2022 geboren in Berlin, lebt und arbeitet seit 2005 in Hof<a href=\"http:\/\/www.kuenstlerhaus-schirnding.de\/wordpress\/wp-content\/uploads\/2025\/02\/JME-II_300dpi_rgb_-scaled.jpg\"><img loading=\"lazy\" decoding=\"async\" class=\"alignright size-medium wp-image-1215\" src=\"http:\/\/www.kuenstlerhaus-schirnding.de\/wordpress\/wp-content\/uploads\/2025\/02\/JME-II_300dpi_rgb_-214x300.jpg\" alt=\"\" width=\"214\" height=\"300\" data-wp-editing=\"1\" srcset=\"http:\/\/www.kuenstlerhaus-schirnding.de\/wordpress\/wp-content\/uploads\/2025\/02\/JME-II_300dpi_rgb_-214x300.jpg 214w, http:\/\/www.kuenstlerhaus-schirnding.de\/wordpress\/wp-content\/uploads\/2025\/02\/JME-II_300dpi_rgb_-731x1024.jpg 731w, http:\/\/www.kuenstlerhaus-schirnding.de\/wordpress\/wp-content\/uploads\/2025\/02\/JME-II_300dpi_rgb_-768x1075.jpg 768w, http:\/\/www.kuenstlerhaus-schirnding.de\/wordpress\/wp-content\/uploads\/2025\/02\/JME-II_300dpi_rgb_-1097x1536.jpg 1097w, http:\/\/www.kuenstlerhaus-schirnding.de\/wordpress\/wp-content\/uploads\/2025\/02\/JME-II_300dpi_rgb_-1463x2048.jpg 1463w, http:\/\/www.kuenstlerhaus-schirnding.de\/wordpress\/wp-content\/uploads\/2025\/02\/JME-II_300dpi_rgb_-900x1260.jpg 900w, http:\/\/www.kuenstlerhaus-schirnding.de\/wordpress\/wp-content\/uploads\/2025\/02\/JME-II_300dpi_rgb_-1280x1792.jpg 1280w, http:\/\/www.kuenstlerhaus-schirnding.de\/wordpress\/wp-content\/uploads\/2025\/02\/JME-II_300dpi_rgb_-scaled.jpg 1829w\" sizes=\"(max-width: 214px) 100vw, 214px\" \/><\/a><br \/>\n\u2022 Ausbildung zum Technischen Zeichner, Studium der Betriebswirtschaft an der FHW Berlin<br \/>\n\u2022 2007 Inhaber Agentur f\u00fcr kreative Mediengestatung: me-mediaplan<br \/>\n\u2022 aktives Mitglied des Kunstvereins Hof e.V. seit 2008, Mitglied im K\u00fcnstlerhaus Schirnding seit 2014 und im Kunstladen Selbitz seit 2018<br \/>\n\u2022 2015 Initiator und Mitbegr\u00fcnder der Fr\u00e4nkischen Lichtmaler<\/p>\n<p>WEITERE INFORMATIONEN<br \/>\n<a href=\"http:\/\/www.mueller-esdohr-fotografie.de\" target=\"_blank\" rel=\"noopener\">www.mueller-esdohr-fotografie.de<\/a><\/p>\n<p style=\"text-align: justify;\"><strong>Daniel Trzcielinski<\/strong><br \/>\nIn der Fotografie habe ich eine Vorliebe f\u00fcr alles Minimalistische, Strukturen und \u201eWiederkehrendes\u201c sowie Architektur mit all ihren Facetten. Gerne nehme ich an Foto-Marathons in ganz Deutschland teil. Hier mag ich besonders die geballte Forderung nach kreativen Ideen in einem herausfordernden Zeitrahmen auf unbekanntem Terrain.<a href=\"http:\/\/www.kuenstlerhaus-schirnding.de\/wordpress\/wp-content\/uploads\/2025\/02\/Trzcielinski-Daniel_-scaled.jpg\"><img loading=\"lazy\" decoding=\"async\" class=\"alignright size-medium wp-image-1216\" src=\"http:\/\/www.kuenstlerhaus-schirnding.de\/wordpress\/wp-content\/uploads\/2025\/02\/Trzcielinski-Daniel_-235x300.jpg\" alt=\"\" width=\"235\" height=\"300\" srcset=\"http:\/\/www.kuenstlerhaus-schirnding.de\/wordpress\/wp-content\/uploads\/2025\/02\/Trzcielinski-Daniel_-235x300.jpg 235w, http:\/\/www.kuenstlerhaus-schirnding.de\/wordpress\/wp-content\/uploads\/2025\/02\/Trzcielinski-Daniel_-803x1024.jpg 803w, http:\/\/www.kuenstlerhaus-schirnding.de\/wordpress\/wp-content\/uploads\/2025\/02\/Trzcielinski-Daniel_-768x979.jpg 768w, http:\/\/www.kuenstlerhaus-schirnding.de\/wordpress\/wp-content\/uploads\/2025\/02\/Trzcielinski-Daniel_-1205x1536.jpg 1205w, http:\/\/www.kuenstlerhaus-schirnding.de\/wordpress\/wp-content\/uploads\/2025\/02\/Trzcielinski-Daniel_-1607x2048.jpg 1607w, http:\/\/www.kuenstlerhaus-schirnding.de\/wordpress\/wp-content\/uploads\/2025\/02\/Trzcielinski-Daniel_-900x1147.jpg 900w, http:\/\/www.kuenstlerhaus-schirnding.de\/wordpress\/wp-content\/uploads\/2025\/02\/Trzcielinski-Daniel_-1280x1632.jpg 1280w, http:\/\/www.kuenstlerhaus-schirnding.de\/wordpress\/wp-content\/uploads\/2025\/02\/Trzcielinski-Daniel_-scaled.jpg 2008w\" sizes=\"(max-width: 235px) 100vw, 235px\" \/><\/a><br \/>\n\u2022 1974 geboren in Hof\/Saale<br \/>\n\u2022 1994 Ausbildung zum Staatl. anerkannten Erzieher<br \/>\n\u2022 1999 Studium der Sozialp\u00e4dagogik an der GSO-Fachhochschule N\u00fcrnberg<br \/>\n\u2022 W\u00e4hrend des Studiums erste, genauere Einblicke in die analoge Fotografie<br \/>\n\u2022 Seit den fr\u00fchen 2000ern mit verschiedensten digitalen Kameras unterwegs<br \/>\n\u2022 Aktives Mitglied des Kunstvereins Hof e.V. und der Fr\u00e4nkischen Lichtmaler<br \/>\n\u2022 Kreativ t\u00e4tig in den Bereichen Fotografie, Graffiti, Illustration, Druck uvm.<\/p>\n<p>WEITERE INFORMATIONEN<br \/>\n<a href=\"http:\/\/www.fotografie366.de\" target=\"_blank\" rel=\"noopener\">www.fotografie366.de<\/a><\/p>\n","protected":false},"excerpt":{"rendered":"<p>&#8222;Ansichtssachen&#8220; Werke von Jan-Dirk M\u00fcller-Esdohr und Daniel Trzcielinski Ausstellung vom 22. M\u00e4rz bis 13. April Ausstellungser\u00f6ffnung Sa. 22. M\u00e4rz, 19.00 Uhr Ausstellung So. 14.00 \u2013 17.00 Uhr und nach Vereinbarung Oberes Foyer des Gemeindezentrums Hauptstr. 15 in Schirnding Jan-Dirk M\u00fcller-Esdohr F\u00fcr mich ist die Fotografie ein kreativer Prozess aus sehen, wahrnehmen, empfinden, werten, gestalten, spielen, [&hellip;]<\/p>\n","protected":false},"author":1,"featured_media":0,"parent":1202,"menu_order":0,"comment_status":"closed","ping_status":"closed","template":"","meta":{"footnotes":"","_links_to":"","_links_to_target":""},"_links":{"self":[{"href":"http:\/\/www.kuenstlerhaus-schirnding.de\/wordpress\/index.php?rest_route=\/wp\/v2\/pages\/1213"}],"collection":[{"href":"http:\/\/www.kuenstlerhaus-schirnding.de\/wordpress\/index.php?rest_route=\/wp\/v2\/pages"}],"about":[{"href":"http:\/\/www.kuenstlerhaus-schirnding.de\/wordpress\/index.php?rest_route=\/wp\/v2\/types\/page"}],"author":[{"embeddable":true,"href":"http:\/\/www.kuenstlerhaus-schirnding.de\/wordpress\/index.php?rest_route=\/wp\/v2\/users\/1"}],"replies":[{"embeddable":true,"href":"http:\/\/www.kuenstlerhaus-schirnding.de\/wordpress\/index.php?rest_route=%2Fwp%2Fv2%2Fcomments&post=1213"}],"version-history":[{"count":3,"href":"http:\/\/www.kuenstlerhaus-schirnding.de\/wordpress\/index.php?rest_route=\/wp\/v2\/pages\/1213\/revisions"}],"predecessor-version":[{"id":1271,"href":"http:\/\/www.kuenstlerhaus-schirnding.de\/wordpress\/index.php?rest_route=\/wp\/v2\/pages\/1213\/revisions\/1271"}],"up":[{"embeddable":true,"href":"http:\/\/www.kuenstlerhaus-schirnding.de\/wordpress\/index.php?rest_route=\/wp\/v2\/pages\/1202"}],"wp:attachment":[{"href":"http:\/\/www.kuenstlerhaus-schirnding.de\/wordpress\/index.php?rest_route=%2Fwp%2Fv2%2Fmedia&parent=1213"}],"curies":[{"name":"wp","href":"https:\/\/api.w.org\/{rel}","templated":true}]}}