{"id":1230,"date":"2025-03-12T17:09:06","date_gmt":"2025-03-12T15:09:06","guid":{"rendered":"http:\/\/www.kuenstlerhaus-schirnding.de\/wordpress\/?page_id=1230"},"modified":"2025-04-23T09:31:33","modified_gmt":"2025-04-23T07:31:33","slug":"kulturprogramm-2025-chordisono","status":"publish","type":"page","link":"http:\/\/www.kuenstlerhaus-schirnding.de\/wordpress\/?page_id=1230","title":{"rendered":"Kulturprogramm 2025 \u2013 Konzert ChorDiSono"},"content":{"rendered":"<p><strong>Konzert mit &#8222;ChorDiSono&#8220;<\/strong><strong><br \/>\n<\/strong><strong>Samstag, 17. Mai 2025, 19.00 Uhr<\/strong><br \/>\nEintritt: 13,00 \u20ac<br \/>\n(VVK ab 28.04.2025 im Rathaus Schirnding und an der Abendkasse)<br \/>\nSaal (OG) des Gemeindezentrums Hauptstr. 15 in Schirnding<\/p>\n<p><a href=\"http:\/\/www.kuenstlerhaus-schirnding.de\/wordpress\/wp-content\/uploads\/2025\/04\/ChorDiSono_vorne-scaled.jpg\" target=\"_blank\" rel=\"noopener\"><img loading=\"lazy\" decoding=\"async\" class=\"aligncenter wp-image-1264 size-medium\" src=\"http:\/\/www.kuenstlerhaus-schirnding.de\/wordpress\/wp-content\/uploads\/2025\/04\/ChorDiSono_vorne-212x300.jpg\" alt=\"\" width=\"212\" height=\"300\" srcset=\"http:\/\/www.kuenstlerhaus-schirnding.de\/wordpress\/wp-content\/uploads\/2025\/04\/ChorDiSono_vorne-212x300.jpg 212w, http:\/\/www.kuenstlerhaus-schirnding.de\/wordpress\/wp-content\/uploads\/2025\/04\/ChorDiSono_vorne-724x1024.jpg 724w, http:\/\/www.kuenstlerhaus-schirnding.de\/wordpress\/wp-content\/uploads\/2025\/04\/ChorDiSono_vorne-768x1087.jpg 768w, http:\/\/www.kuenstlerhaus-schirnding.de\/wordpress\/wp-content\/uploads\/2025\/04\/ChorDiSono_vorne-1085x1536.jpg 1085w, http:\/\/www.kuenstlerhaus-schirnding.de\/wordpress\/wp-content\/uploads\/2025\/04\/ChorDiSono_vorne-1447x2048.jpg 1447w, http:\/\/www.kuenstlerhaus-schirnding.de\/wordpress\/wp-content\/uploads\/2025\/04\/ChorDiSono_vorne-900x1274.jpg 900w, http:\/\/www.kuenstlerhaus-schirnding.de\/wordpress\/wp-content\/uploads\/2025\/04\/ChorDiSono_vorne-1280x1812.jpg 1280w, http:\/\/www.kuenstlerhaus-schirnding.de\/wordpress\/wp-content\/uploads\/2025\/04\/ChorDiSono_vorne-scaled.jpg 1809w\" sizes=\"(max-width: 212px) 100vw, 212px\" \/><\/a><\/p>\n<p style=\"text-align: justify;\">Das Vokalensemble \u201eChorDiSono\u201c hat sich erstmals im Juni 2006 zu einer Probe zusammengefunden. Der Name stellt ein Wortspiel dar. Zum einen sollen die Begriffe Chor und Sonare auf den Klang der Musik hinweisen, zum anderen soll die Anspielung auf das Medikament (Kortison) die starke Wirkung guter Musik betonen. \u201eChorDiSono\u201c m\u00f6chte beides vereinen.<\/p>\n<p style=\"text-align: justify;\">Freude an ansprechendem Gesang, Interesse an guter Musik und Freundschaft untereinander bilden die Grundlage f\u00fcr die gemeinsame Chorarbeit, was man auch an den akustischen Ergebnissen h\u00f6ren kann.<\/p>\n<p style=\"text-align: justify;\">Die musikalische Stilrichtung ist breit gef\u00e4chert und reicht vom tradi-tionellen Liedgut \u00fcber Gospels bis Soul und Popmusik.<\/p>\n<p style=\"text-align: justify;\">Die Gruppe hat sich durch zahlreiche Auftritte bei Gottesdiensten, Hoch- zeiten sowie der j\u00e4hrlichen Gro\u00dfveranstaltung \u201eKunstgenuss bis Mitternacht\u201c in Weiden einen hervorragenden Ruf erworben.<br \/>\nDar\u00fcber hinaus unterst\u00fctzt das Ensemble mit seiner Musik regelm\u00e4\u00dfig viele Pfarreien und Organisationen durch Auftritte und Benefizkonzerte.<\/p>\n<p style=\"text-align: justify;\">In Schirnding wird das Vokalensemble aus seinem breit gef\u00e4cherten Repertoire Lieder verschiedener musikalischer Stilrichtungen zu Geh\u00f6r bringen.<\/p>\n<p><a href=\"http:\/\/www.kuenstlerhaus-schirnding.de\/wordpress\/wp-content\/uploads\/2025\/04\/chor_di_sono-12-von-19-2-scaled.jpg\" target=\"_blank\" rel=\"noopener\"><img loading=\"lazy\" decoding=\"async\" class=\"aligncenter wp-image-1266 size-large\" src=\"http:\/\/www.kuenstlerhaus-schirnding.de\/wordpress\/wp-content\/uploads\/2025\/04\/chor_di_sono-12-von-19-2-1024x509.jpg\" alt=\"\" width=\"629\" height=\"313\" srcset=\"http:\/\/www.kuenstlerhaus-schirnding.de\/wordpress\/wp-content\/uploads\/2025\/04\/chor_di_sono-12-von-19-2-1024x509.jpg 1024w, http:\/\/www.kuenstlerhaus-schirnding.de\/wordpress\/wp-content\/uploads\/2025\/04\/chor_di_sono-12-von-19-2-300x149.jpg 300w, http:\/\/www.kuenstlerhaus-schirnding.de\/wordpress\/wp-content\/uploads\/2025\/04\/chor_di_sono-12-von-19-2-768x382.jpg 768w, http:\/\/www.kuenstlerhaus-schirnding.de\/wordpress\/wp-content\/uploads\/2025\/04\/chor_di_sono-12-von-19-2-1536x764.jpg 1536w, http:\/\/www.kuenstlerhaus-schirnding.de\/wordpress\/wp-content\/uploads\/2025\/04\/chor_di_sono-12-von-19-2-2048x1019.jpg 2048w, http:\/\/www.kuenstlerhaus-schirnding.de\/wordpress\/wp-content\/uploads\/2025\/04\/chor_di_sono-12-von-19-2-900x448.jpg 900w, http:\/\/www.kuenstlerhaus-schirnding.de\/wordpress\/wp-content\/uploads\/2025\/04\/chor_di_sono-12-von-19-2-1280x637.jpg 1280w\" sizes=\"(max-width: 629px) 100vw, 629px\" \/><\/a><br \/>\nWeitere Informationen:<br \/>\n<a href=\"https:\/\/www.chordisono.de\/\">www.chordisono.de<\/a><\/p>\n","protected":false},"excerpt":{"rendered":"<p>Konzert mit &#8222;ChorDiSono&#8220; Samstag, 17. Mai 2025, 19.00 Uhr Eintritt: 13,00 \u20ac (VVK ab 28.04.2025 im Rathaus Schirnding und an der Abendkasse) Saal (OG) des Gemeindezentrums Hauptstr. 15 in Schirnding Das Vokalensemble \u201eChorDiSono\u201c hat sich erstmals im Juni 2006 zu einer Probe zusammengefunden. Der Name stellt ein Wortspiel dar. Zum einen sollen die Begriffe Chor [&hellip;]<\/p>\n","protected":false},"author":1,"featured_media":0,"parent":1202,"menu_order":2,"comment_status":"closed","ping_status":"closed","template":"","meta":{"footnotes":"","_links_to":"","_links_to_target":""},"_links":{"self":[{"href":"http:\/\/www.kuenstlerhaus-schirnding.de\/wordpress\/index.php?rest_route=\/wp\/v2\/pages\/1230"}],"collection":[{"href":"http:\/\/www.kuenstlerhaus-schirnding.de\/wordpress\/index.php?rest_route=\/wp\/v2\/pages"}],"about":[{"href":"http:\/\/www.kuenstlerhaus-schirnding.de\/wordpress\/index.php?rest_route=\/wp\/v2\/types\/page"}],"author":[{"embeddable":true,"href":"http:\/\/www.kuenstlerhaus-schirnding.de\/wordpress\/index.php?rest_route=\/wp\/v2\/users\/1"}],"replies":[{"embeddable":true,"href":"http:\/\/www.kuenstlerhaus-schirnding.de\/wordpress\/index.php?rest_route=%2Fwp%2Fv2%2Fcomments&post=1230"}],"version-history":[{"count":7,"href":"http:\/\/www.kuenstlerhaus-schirnding.de\/wordpress\/index.php?rest_route=\/wp\/v2\/pages\/1230\/revisions"}],"predecessor-version":[{"id":1269,"href":"http:\/\/www.kuenstlerhaus-schirnding.de\/wordpress\/index.php?rest_route=\/wp\/v2\/pages\/1230\/revisions\/1269"}],"up":[{"embeddable":true,"href":"http:\/\/www.kuenstlerhaus-schirnding.de\/wordpress\/index.php?rest_route=\/wp\/v2\/pages\/1202"}],"wp:attachment":[{"href":"http:\/\/www.kuenstlerhaus-schirnding.de\/wordpress\/index.php?rest_route=%2Fwp%2Fv2%2Fmedia&parent=1230"}],"curies":[{"name":"wp","href":"https:\/\/api.w.org\/{rel}","templated":true}]}}