{"id":1237,"date":"2025-03-14T11:02:07","date_gmt":"2025-03-14T09:02:07","guid":{"rendered":"http:\/\/www.kuenstlerhaus-schirnding.de\/wordpress\/?page_id=1237"},"modified":"2025-06-24T15:28:23","modified_gmt":"2025-06-24T13:28:23","slug":"kulturprogramm-2025-russell-newman","status":"publish","type":"page","link":"http:\/\/www.kuenstlerhaus-schirnding.de\/wordpress\/?page_id=1237","title":{"rendered":"Kulturprogramm 2025 &#8211; Russell Newman"},"content":{"rendered":"<p>\u201e<strong>Der Strand, der Himmel und das Meer\u201c<br \/>\n<\/strong><strong>Werke von Russell Newman<br \/>\n<\/strong><strong>Ausstellung vom 11. Juli bis 10. August<\/strong><br \/>\nAusstellungser\u00f6ffnung Fr. 11. Juli, 19.00 Uhr<br \/>\nAusstellung So. 14.00 \u2013 17.00 Uhr und nach Vereinbarung<br \/>\nOberes Foyer des Gemeindezentrums Hauptstr. 15 in Schirnding<\/p>\n<p><a href=\"http:\/\/www.kuenstlerhaus-schirnding.de\/wordpress\/wp-content\/uploads\/2025\/06\/Russell_Newman_vorne-scaled.jpg\" target=\"_blank\" rel=\"noopener\"><img loading=\"lazy\" decoding=\"async\" class=\"aligncenter wp-image-1280 size-medium\" src=\"http:\/\/www.kuenstlerhaus-schirnding.de\/wordpress\/wp-content\/uploads\/2025\/06\/Russell_Newman_vorne-212x300.jpg\" alt=\"\" width=\"212\" height=\"300\" srcset=\"http:\/\/www.kuenstlerhaus-schirnding.de\/wordpress\/wp-content\/uploads\/2025\/06\/Russell_Newman_vorne-212x300.jpg 212w, http:\/\/www.kuenstlerhaus-schirnding.de\/wordpress\/wp-content\/uploads\/2025\/06\/Russell_Newman_vorne-724x1024.jpg 724w, http:\/\/www.kuenstlerhaus-schirnding.de\/wordpress\/wp-content\/uploads\/2025\/06\/Russell_Newman_vorne-768x1087.jpg 768w, http:\/\/www.kuenstlerhaus-schirnding.de\/wordpress\/wp-content\/uploads\/2025\/06\/Russell_Newman_vorne-1085x1536.jpg 1085w, http:\/\/www.kuenstlerhaus-schirnding.de\/wordpress\/wp-content\/uploads\/2025\/06\/Russell_Newman_vorne-1447x2048.jpg 1447w, http:\/\/www.kuenstlerhaus-schirnding.de\/wordpress\/wp-content\/uploads\/2025\/06\/Russell_Newman_vorne-900x1274.jpg 900w, http:\/\/www.kuenstlerhaus-schirnding.de\/wordpress\/wp-content\/uploads\/2025\/06\/Russell_Newman_vorne-1280x1812.jpg 1280w, http:\/\/www.kuenstlerhaus-schirnding.de\/wordpress\/wp-content\/uploads\/2025\/06\/Russell_Newman_vorne-scaled.jpg 1809w\" sizes=\"(max-width: 212px) 100vw, 212px\" \/><\/a><\/p>\n<p style=\"margin-bottom: 7.95pt; line-height: 12.95pt; text-align: justify;\"><span style=\"color: black;\">Russell Newman wurde 1959 in Pembury, England geboren, und ist in der N\u00e4he der Nordsee aufgewachsen.<\/span><\/p>\n<p style=\"margin-bottom: 7.95pt; line-height: 12.95pt; text-align: justify;\"><span style=\"color: black;\">Seine Leidenschaft ist das Meer. Das Meer in all seinen Farben, das Meer in all seinen Stimmungen.<span class=\"apple-converted-space\">\u00a0<\/span>Zum Malen ist er erst relativ sp\u00e4t gekommen, ein Burnout und die heilsame Kraft der Kunst haben ihn dazu gebracht.<span class=\"apple-converted-space\">\u00a0<\/span>Mit dem Malen geht es ihm wie mit dem Meer: Beides l\u00e4sst ihn, einmal davon gepackt, nicht mehr los.<span class=\"apple-converted-space\">\u00a0<a href=\"http:\/\/www.kuenstlerhaus-schirnding.de\/wordpress\/wp-content\/uploads\/2025\/06\/Bild_Russell_Newman.jpeg\" target=\"_blank\" rel=\"noopener\"><img loading=\"lazy\" decoding=\"async\" class=\"alignright wp-image-1279 size-medium\" src=\"http:\/\/www.kuenstlerhaus-schirnding.de\/wordpress\/wp-content\/uploads\/2025\/06\/Bild_Russell_Newman-222x300.jpeg\" alt=\"\" width=\"222\" height=\"300\" srcset=\"http:\/\/www.kuenstlerhaus-schirnding.de\/wordpress\/wp-content\/uploads\/2025\/06\/Bild_Russell_Newman-222x300.jpeg 222w, http:\/\/www.kuenstlerhaus-schirnding.de\/wordpress\/wp-content\/uploads\/2025\/06\/Bild_Russell_Newman-758x1024.jpeg 758w, http:\/\/www.kuenstlerhaus-schirnding.de\/wordpress\/wp-content\/uploads\/2025\/06\/Bild_Russell_Newman-768x1038.jpeg 768w, http:\/\/www.kuenstlerhaus-schirnding.de\/wordpress\/wp-content\/uploads\/2025\/06\/Bild_Russell_Newman-900x1216.jpeg 900w, http:\/\/www.kuenstlerhaus-schirnding.de\/wordpress\/wp-content\/uploads\/2025\/06\/Bild_Russell_Newman.jpeg 1058w\" sizes=\"(max-width: 222px) 100vw, 222px\" \/><\/a><\/span><\/span><\/p>\n<p style=\"margin-bottom: 7.95pt; line-height: 12.95pt; text-align: justify;\"><span style=\"color: black;\">Seit er 2016 das Malen f\u00fcr sich entdeckt hat, hat es stetig mehr und mehr Raum in seinem Leben eingenommen.\u00a0<\/span><\/p>\n<p style=\"margin-bottom: 7.95pt; line-height: 12.95pt; text-align: justify;\"><span style=\"color: black;\">Seit 2022 hatte er mehrere Ausstellungen in der Galerie Lukasch in N\u00fcrnberg und auf Schloss Eyrichshof bei Ebern. Auch bei den Texttagen N\u00fcrnberg 2024 diente eines seiner Bilder in einer Mitmachaktion als Textinspiration. Zuletzt wurde bei einer Auktion zu Gunsten der ambulanten und station\u00e4ren Hospizarbeit in N\u00fcrnberg-M\u00f6geldorf im Germanischen Nationalmuseum N\u00fcrnberg sein Bild \u201eSonne auf den Klippen\u201c versteigert.<\/span><\/p>\n<p style=\"line-height: 12.95pt; text-align: justify;\"><span style=\"color: black;\">Weitere Ausstellungen sind in Vorbereitung.<\/span><\/p>\n<p>&nbsp;<\/p>\n<p style=\"margin-bottom: 7.95pt; line-height: 12.95pt;\"><span style=\"color: black;\">WEITERE INFORMATIONEN<br \/>\n<\/span><a href=\"https:\/\/www.russell-newman-art.de\/\">www.russell-newman-art.de<\/a><\/p>\n<p>&nbsp;<\/p>\n","protected":false},"excerpt":{"rendered":"<p>\u201eDer Strand, der Himmel und das Meer\u201c Werke von Russell Newman Ausstellung vom 11. Juli bis 10. August Ausstellungser\u00f6ffnung Fr. 11. Juli, 19.00 Uhr Ausstellung So. 14.00 \u2013 17.00 Uhr und nach Vereinbarung Oberes Foyer des Gemeindezentrums Hauptstr. 15 in Schirnding Russell Newman wurde 1959 in Pembury, England geboren, und ist in der N\u00e4he der [&hellip;]<\/p>\n","protected":false},"author":1,"featured_media":0,"parent":1202,"menu_order":4,"comment_status":"closed","ping_status":"closed","template":"","meta":{"footnotes":"","_links_to":"","_links_to_target":""},"_links":{"self":[{"href":"http:\/\/www.kuenstlerhaus-schirnding.de\/wordpress\/index.php?rest_route=\/wp\/v2\/pages\/1237"}],"collection":[{"href":"http:\/\/www.kuenstlerhaus-schirnding.de\/wordpress\/index.php?rest_route=\/wp\/v2\/pages"}],"about":[{"href":"http:\/\/www.kuenstlerhaus-schirnding.de\/wordpress\/index.php?rest_route=\/wp\/v2\/types\/page"}],"author":[{"embeddable":true,"href":"http:\/\/www.kuenstlerhaus-schirnding.de\/wordpress\/index.php?rest_route=\/wp\/v2\/users\/1"}],"replies":[{"embeddable":true,"href":"http:\/\/www.kuenstlerhaus-schirnding.de\/wordpress\/index.php?rest_route=%2Fwp%2Fv2%2Fcomments&post=1237"}],"version-history":[{"count":8,"href":"http:\/\/www.kuenstlerhaus-schirnding.de\/wordpress\/index.php?rest_route=\/wp\/v2\/pages\/1237\/revisions"}],"predecessor-version":[{"id":1286,"href":"http:\/\/www.kuenstlerhaus-schirnding.de\/wordpress\/index.php?rest_route=\/wp\/v2\/pages\/1237\/revisions\/1286"}],"up":[{"embeddable":true,"href":"http:\/\/www.kuenstlerhaus-schirnding.de\/wordpress\/index.php?rest_route=\/wp\/v2\/pages\/1202"}],"wp:attachment":[{"href":"http:\/\/www.kuenstlerhaus-schirnding.de\/wordpress\/index.php?rest_route=%2Fwp%2Fv2%2Fmedia&parent=1237"}],"curies":[{"name":"wp","href":"https:\/\/api.w.org\/{rel}","templated":true}]}}