{"id":1244,"date":"2025-03-14T11:25:31","date_gmt":"2025-03-14T09:25:31","guid":{"rendered":"http:\/\/www.kuenstlerhaus-schirnding.de\/wordpress\/?page_id=1244"},"modified":"2025-08-19T11:52:10","modified_gmt":"2025-08-19T09:52:10","slug":"kulturprogramm-2025-geschwister-laura-und-kevin-mueller","status":"publish","type":"page","link":"http:\/\/www.kuenstlerhaus-schirnding.de\/wordpress\/?page_id=1244","title":{"rendered":"Kulturprogramm 2025 &#8211; Laura M\u00fcller"},"content":{"rendered":"<p>\u201e<strong>Between Dark Lines\u201c<br \/>\n<\/strong><strong>Werke von Laura M\u00fcller<br \/>\n<\/strong><strong>Ausstellung vom 12. September bis 05. Oktober<\/strong><br \/>\nAusstellungser\u00f6ffnung Fr. 12. September, 19.00 Uhr<br \/>\nMusik: &#8222;Heritage Effect&#8220;<br \/>\nAusstellung So. 14.00 \u2013 17.00 Uhr und nach Vereinbarung<br \/>\nOberes Foyer des Gemeindezentrums Hauptstr. 15 in Schirnding<\/p>\n<p><a href=\"http:\/\/www.kuenstlerhaus-schirnding.de\/wordpress\/wp-content\/uploads\/2025\/08\/Laura_Mueller_vorne4-scaled.jpg\" target=\"_blank\" rel=\"noopener\"><img loading=\"lazy\" decoding=\"async\" class=\"aligncenter wp-image-1300 size-medium\" src=\"http:\/\/www.kuenstlerhaus-schirnding.de\/wordpress\/wp-content\/uploads\/2025\/08\/Laura_Mueller_vorne4-212x300.jpg\" alt=\"\" width=\"212\" height=\"300\" srcset=\"http:\/\/www.kuenstlerhaus-schirnding.de\/wordpress\/wp-content\/uploads\/2025\/08\/Laura_Mueller_vorne4-212x300.jpg 212w, http:\/\/www.kuenstlerhaus-schirnding.de\/wordpress\/wp-content\/uploads\/2025\/08\/Laura_Mueller_vorne4-724x1024.jpg 724w, http:\/\/www.kuenstlerhaus-schirnding.de\/wordpress\/wp-content\/uploads\/2025\/08\/Laura_Mueller_vorne4-768x1087.jpg 768w, http:\/\/www.kuenstlerhaus-schirnding.de\/wordpress\/wp-content\/uploads\/2025\/08\/Laura_Mueller_vorne4-1085x1536.jpg 1085w, http:\/\/www.kuenstlerhaus-schirnding.de\/wordpress\/wp-content\/uploads\/2025\/08\/Laura_Mueller_vorne4-1447x2048.jpg 1447w, http:\/\/www.kuenstlerhaus-schirnding.de\/wordpress\/wp-content\/uploads\/2025\/08\/Laura_Mueller_vorne4-900x1274.jpg 900w, http:\/\/www.kuenstlerhaus-schirnding.de\/wordpress\/wp-content\/uploads\/2025\/08\/Laura_Mueller_vorne4-1280x1812.jpg 1280w, http:\/\/www.kuenstlerhaus-schirnding.de\/wordpress\/wp-content\/uploads\/2025\/08\/Laura_Mueller_vorne4-scaled.jpg 1809w\" sizes=\"(max-width: 212px) 100vw, 212px\" \/><\/a><\/p>\n<p>Laura M\u00fcller wurde 1998 in Naila geboren. Die Kunst begleitet Laura schon ihr ganzes Leben. Bereits im fr\u00fchen Kindesalter wurde sie von ihrer Gro\u00dfmutter in die Welt der Kunst gef\u00fchrt und unterrichtet. Von da an stellte sich heraus, dass Laura f\u00fcr die Kunst geboren zu sein schien. Sie besuchte die Fachhochschule e.o.plauen und absolvierte dort ihr Fachabitur in Kunst und Gestaltung. Daraufhin folgte eine Ausbildung zur Fahrzeuginnenausstatterin.<\/p>\n<p style=\"text-align: justify;\">Sie verlor nie den Hang zur Kunst und zum Malen. Im Laufe der Zeit fanden Vernissagen statt und Laura beschloss, ein Gewerbe mit kleinem Shop zu er\u00f6ffnen. Sie verkaufte bereits erfolgreich Prints ihrer Kunst in die USA, entdeckte eine neue Community und parallel erkannte sie ihre Begabung in der Kunst des T\u00e4towierens. Und nun steht sie hier, mit einem offenen Weg in die Zukunft.<\/p>\n<p style=\"text-align: justify;\">In Lauras Kunst geht es vermehrt um die d\u00fcstere <a href=\"http:\/\/www.kuenstlerhaus-schirnding.de\/wordpress\/wp-content\/uploads\/2025\/08\/IMG-20250813-WA0022-Kopie-scaled.jpg\" target=\"_blank\" rel=\"noopener\"><img loading=\"lazy\" decoding=\"async\" class=\"alignright wp-image-1295 size-medium\" src=\"http:\/\/www.kuenstlerhaus-schirnding.de\/wordpress\/wp-content\/uploads\/2025\/08\/IMG-20250813-WA0022-Kopie-228x300.jpg\" alt=\"\" width=\"228\" height=\"300\" srcset=\"http:\/\/www.kuenstlerhaus-schirnding.de\/wordpress\/wp-content\/uploads\/2025\/08\/IMG-20250813-WA0022-Kopie-228x300.jpg 228w, http:\/\/www.kuenstlerhaus-schirnding.de\/wordpress\/wp-content\/uploads\/2025\/08\/IMG-20250813-WA0022-Kopie-778x1024.jpg 778w, http:\/\/www.kuenstlerhaus-schirnding.de\/wordpress\/wp-content\/uploads\/2025\/08\/IMG-20250813-WA0022-Kopie-768x1011.jpg 768w, http:\/\/www.kuenstlerhaus-schirnding.de\/wordpress\/wp-content\/uploads\/2025\/08\/IMG-20250813-WA0022-Kopie-1166x1536.jpg 1166w, http:\/\/www.kuenstlerhaus-schirnding.de\/wordpress\/wp-content\/uploads\/2025\/08\/IMG-20250813-WA0022-Kopie-1555x2048.jpg 1555w, http:\/\/www.kuenstlerhaus-schirnding.de\/wordpress\/wp-content\/uploads\/2025\/08\/IMG-20250813-WA0022-Kopie-900x1185.jpg 900w, http:\/\/www.kuenstlerhaus-schirnding.de\/wordpress\/wp-content\/uploads\/2025\/08\/IMG-20250813-WA0022-Kopie-1280x1685.jpg 1280w, http:\/\/www.kuenstlerhaus-schirnding.de\/wordpress\/wp-content\/uploads\/2025\/08\/IMG-20250813-WA0022-Kopie-scaled.jpg 1944w\" sizes=\"(max-width: 228px) 100vw, 228px\" \/><\/a>Darstellung der Realit\u00e4t, der Gedanken, um mystische Ebenen und tief hinein in die Buchseiten ihrer stets wachsenden B\u00fccherstapel.<br \/>\nWarum jedoch so d\u00fcster? Ganz einfach \u2013 sie liebt es! Laura ist fasziniert von dem, was \u201edie Dunkelheit\u201c in den verschiedenen Individuen ausl\u00f6sen kann. Welche Gedanken entstehen, welche Interpretation. Welche Bilder im Kopf entstehen, wenn man in B\u00fcchern die schwarzgedruckten Zeilen auf wei\u00dfem Papier liest. Nat\u00fcrlich gibt es auch Farbe in ihrer Kunstwelt, vor allem seit Laura letztes Jahr die \u00d6lmalerei f\u00fcr sich entdeckte.<\/p>\n<p style=\"text-align: justify;\">Laura m\u00f6chte Euch mit ihrer Kunst erreichen, begeistern, zum Nachdenken anregen und zum Teil ins Dunkle f\u00fchren&#8230; denn vielleicht seht Ihr im Dunklen mehr, als nur das Dunkle selbst.<\/p>\n<p>WEITERE INFORMATIONEN<br \/>\nInstagram: artbylorry<\/p>\n<p><a href=\"http:\/\/www.kuenstlerhaus-schirnding.de\/wordpress\/wp-content\/uploads\/2025\/08\/IMG-20250816-WA0001-scaled.jpg\" target=\"_blank\" rel=\"noopener\"><img loading=\"lazy\" decoding=\"async\" class=\"wp-image-1302 size-full aligncenter\" src=\"http:\/\/www.kuenstlerhaus-schirnding.de\/wordpress\/wp-content\/uploads\/2025\/08\/IMG-20250816-WA0001-scaled.jpg\" alt=\"\" width=\"2560\" height=\"1445\" srcset=\"http:\/\/www.kuenstlerhaus-schirnding.de\/wordpress\/wp-content\/uploads\/2025\/08\/IMG-20250816-WA0001-scaled.jpg 2560w, http:\/\/www.kuenstlerhaus-schirnding.de\/wordpress\/wp-content\/uploads\/2025\/08\/IMG-20250816-WA0001-300x169.jpg 300w, http:\/\/www.kuenstlerhaus-schirnding.de\/wordpress\/wp-content\/uploads\/2025\/08\/IMG-20250816-WA0001-1024x578.jpg 1024w, http:\/\/www.kuenstlerhaus-schirnding.de\/wordpress\/wp-content\/uploads\/2025\/08\/IMG-20250816-WA0001-768x433.jpg 768w, http:\/\/www.kuenstlerhaus-schirnding.de\/wordpress\/wp-content\/uploads\/2025\/08\/IMG-20250816-WA0001-1536x867.jpg 1536w, http:\/\/www.kuenstlerhaus-schirnding.de\/wordpress\/wp-content\/uploads\/2025\/08\/IMG-20250816-WA0001-2048x1156.jpg 2048w, http:\/\/www.kuenstlerhaus-schirnding.de\/wordpress\/wp-content\/uploads\/2025\/08\/IMG-20250816-WA0001-900x508.jpg 900w, http:\/\/www.kuenstlerhaus-schirnding.de\/wordpress\/wp-content\/uploads\/2025\/08\/IMG-20250816-WA0001-1280x722.jpg 1280w\" sizes=\"(max-width: 2560px) 100vw, 2560px\" \/><\/a><\/p>\n<p>Neben dem Malen und T\u00e4towieren verfolgt Laura M\u00fcller noch eine weitere k\u00fcnstlerische Leidenschaft, das Singen.<br \/>\nMit ihrer Band \u201eHeritage Effect\u201c sorgt sie w\u00e4hrend der Er\u00f6ffnung ihrer Aus- stellung am 12. September 2025 selbst f\u00fcr die passende musikalische Um- rahmung.<\/p>\n<p style=\"text-align: justify;\">Gegr\u00fcndet im Jahr 2020 unter dem ungew\u00f6hnlichen Namen \u201eErpflsolood\u201c startete die Gruppe zun\u00e4chst als reine Coverband. In dieser fr\u00fchen Phase konzentrierten sich die Mitglieder darauf, bekannte Songs auf ihre eigene Art zu interpretieren und sammelten dabei erste gemeinsame B\u00fchnenerfahrungen. Doch schon bald wuchs der Wunsch, mehr als nur die Musik ande- rer K\u00fcnstler zu spielen \u2013 sie wollten ihren eigenen Sound finden und ihre eigenen Geschichten erz\u00e4hlen. Mit neuer Besetzung und neuem Bandna- men fand auch eine musikalische Neuausrichtung statt. Weg vom blo\u00dfen Co- vern, hin zu einem eigenst\u00e4ndigen Stil, der sich zwischen Alternative Rock und Punkrock bewegt.<\/p>\n<p style=\"text-align: justify;\">Nach intensiven Monaten des Songwritings, zahlreicher Proben und Studio- aufnahmen gelang Heritage Effect der n\u00e4chste gro\u00dfe Schritt: Am Sonntag, den 17. August 2025 ver\u00f6ffentlichte die Band ihr Deb\u00fctalbum mit dem Titel \u201eSecrets of Honesty\u201c.<\/p>\n<p style=\"text-align: justify;\">WEITERE INFORMATIONEN<br \/>\nInstagram: official_heritage_effect<\/p>\n<p>&nbsp;<\/p>\n","protected":false},"excerpt":{"rendered":"<p>\u201eBetween Dark Lines\u201c Werke von Laura M\u00fcller Ausstellung vom 12. September bis 05. Oktober Ausstellungser\u00f6ffnung Fr. 12. September, 19.00 Uhr Musik: &#8222;Heritage Effect&#8220; Ausstellung So. 14.00 \u2013 17.00 Uhr und nach Vereinbarung Oberes Foyer des Gemeindezentrums Hauptstr. 15 in Schirnding Laura M\u00fcller wurde 1998 in Naila geboren. Die Kunst begleitet Laura schon ihr ganzes Leben. [&hellip;]<\/p>\n","protected":false},"author":1,"featured_media":0,"parent":1202,"menu_order":6,"comment_status":"closed","ping_status":"closed","template":"","meta":{"footnotes":"","_links_to":"","_links_to_target":""},"_links":{"self":[{"href":"http:\/\/www.kuenstlerhaus-schirnding.de\/wordpress\/index.php?rest_route=\/wp\/v2\/pages\/1244"}],"collection":[{"href":"http:\/\/www.kuenstlerhaus-schirnding.de\/wordpress\/index.php?rest_route=\/wp\/v2\/pages"}],"about":[{"href":"http:\/\/www.kuenstlerhaus-schirnding.de\/wordpress\/index.php?rest_route=\/wp\/v2\/types\/page"}],"author":[{"embeddable":true,"href":"http:\/\/www.kuenstlerhaus-schirnding.de\/wordpress\/index.php?rest_route=\/wp\/v2\/users\/1"}],"replies":[{"embeddable":true,"href":"http:\/\/www.kuenstlerhaus-schirnding.de\/wordpress\/index.php?rest_route=%2Fwp%2Fv2%2Fcomments&post=1244"}],"version-history":[{"count":11,"href":"http:\/\/www.kuenstlerhaus-schirnding.de\/wordpress\/index.php?rest_route=\/wp\/v2\/pages\/1244\/revisions"}],"predecessor-version":[{"id":1306,"href":"http:\/\/www.kuenstlerhaus-schirnding.de\/wordpress\/index.php?rest_route=\/wp\/v2\/pages\/1244\/revisions\/1306"}],"up":[{"embeddable":true,"href":"http:\/\/www.kuenstlerhaus-schirnding.de\/wordpress\/index.php?rest_route=\/wp\/v2\/pages\/1202"}],"wp:attachment":[{"href":"http:\/\/www.kuenstlerhaus-schirnding.de\/wordpress\/index.php?rest_route=%2Fwp%2Fv2%2Fmedia&parent=1244"}],"curies":[{"name":"wp","href":"https:\/\/api.w.org\/{rel}","templated":true}]}}