{"id":1246,"date":"2025-03-14T11:27:03","date_gmt":"2025-03-14T09:27:03","guid":{"rendered":"http:\/\/www.kuenstlerhaus-schirnding.de\/wordpress\/?page_id=1246"},"modified":"2025-10-06T08:25:50","modified_gmt":"2025-10-06T06:25:50","slug":"kulturprogramm-2025-claudia-wilhelm","status":"publish","type":"page","link":"http:\/\/www.kuenstlerhaus-schirnding.de\/wordpress\/?page_id=1246","title":{"rendered":"Kulturprogramm 2025 &#8211; Claudia Wilhelm"},"content":{"rendered":"<p>\u201e<strong>Fotografie: Freude und Faszination\u201c<br \/>\n<\/strong><strong>Werke von Claudia Wilhelm<br \/>\n<\/strong><strong>Ausstellung vom 17. Oktober bis 09. November<\/strong><br \/>\nAusstellungser\u00f6ffnung Fr. 17. Oktober, 19.00 Uhr<br \/>\nAusstellung So. 14.00 \u2013 17.00 Uhr und nach Vereinbarung<br \/>\nOberes Foyer des Gemeindezentrums Hauptstr. 15 in Schirnding<\/p>\n<p><a href=\"http:\/\/www.kuenstlerhaus-schirnding.de\/wordpress\/wp-content\/uploads\/2025\/10\/Claudia_Wilhelm_vorne-scaled.jpg\" target=\"_blank\" rel=\"noopener\"><img loading=\"lazy\" decoding=\"async\" class=\"aligncenter wp-image-1308 size-medium\" src=\"http:\/\/www.kuenstlerhaus-schirnding.de\/wordpress\/wp-content\/uploads\/2025\/10\/Claudia_Wilhelm_vorne-212x300.jpg\" alt=\"\" width=\"212\" height=\"300\" srcset=\"http:\/\/www.kuenstlerhaus-schirnding.de\/wordpress\/wp-content\/uploads\/2025\/10\/Claudia_Wilhelm_vorne-212x300.jpg 212w, http:\/\/www.kuenstlerhaus-schirnding.de\/wordpress\/wp-content\/uploads\/2025\/10\/Claudia_Wilhelm_vorne-724x1024.jpg 724w, http:\/\/www.kuenstlerhaus-schirnding.de\/wordpress\/wp-content\/uploads\/2025\/10\/Claudia_Wilhelm_vorne-768x1087.jpg 768w, http:\/\/www.kuenstlerhaus-schirnding.de\/wordpress\/wp-content\/uploads\/2025\/10\/Claudia_Wilhelm_vorne-1085x1536.jpg 1085w, http:\/\/www.kuenstlerhaus-schirnding.de\/wordpress\/wp-content\/uploads\/2025\/10\/Claudia_Wilhelm_vorne-1447x2048.jpg 1447w, http:\/\/www.kuenstlerhaus-schirnding.de\/wordpress\/wp-content\/uploads\/2025\/10\/Claudia_Wilhelm_vorne-900x1274.jpg 900w, http:\/\/www.kuenstlerhaus-schirnding.de\/wordpress\/wp-content\/uploads\/2025\/10\/Claudia_Wilhelm_vorne-1280x1812.jpg 1280w, http:\/\/www.kuenstlerhaus-schirnding.de\/wordpress\/wp-content\/uploads\/2025\/10\/Claudia_Wilhelm_vorne-scaled.jpg 1809w\" sizes=\"(max-width: 212px) 100vw, 212px\" \/><\/a><\/p>\n<p style=\"text-align: justify;\">Geboren 1963 in Erbendorf und aufgewachsen in Schirnding, lebe ich seit 1992 in Hohenberg\/Eger und habe erst 2021 die Fotografie f\u00fcr mich entdeckt.<br \/>\nWas als neugieriger Blick duch die Kamera begann, wurde schnell zu meiner Leidenschaft.<\/p>\n<p style=\"text-align: justify;\">Meine Begeisterung gilt der Naturfotografie, jedoch bin ich auch offen f\u00fcr Neues. So lasse ich mich gerne von den wechselnden Themen der Quartalswettbewerbe unseres Fotoklubs Selb, bei dem ich seit 2021 Mitglied bin, zu neuen Ideen inspirieren. Dabei entstehen manchmal Kompositionen aus mehreren Bildern, die durch Bearbeitung zu einem neuen Ganzen verschmelzen.<\/p>\n<p style=\"text-align: justify;\">V\u00f6llig unerwartet durfte ich mich 2023 \u00fcber den Titel \u201eOberfr\u00e4nkische Foto-meisterin\u201c des Bezirkswettbewerbs des DVF (Deutscher Verband f\u00fcr Fotografie) und weitere Auszeichnungen sehr freuen.<\/p>\n<p style=\"text-align: justify;\">F\u00fcr mich steht jedoch nicht die Platzierung im Vordergrund, sondern die Freude am Entdecken und die Magie des Augenblicks.<\/p>\n<p style=\"text-align: justify;\">Beim Fotografieren finde ich Ruhe und Entspan<a href=\"http:\/\/www.kuenstlerhaus-schirnding.de\/wordpress\/wp-content\/uploads\/2025\/10\/Claudia-Wilhelm.jpg\" target=\"_blank\" rel=\"noopener\"><img loading=\"lazy\" decoding=\"async\" class=\"alignright wp-image-1310 size-medium\" src=\"http:\/\/www.kuenstlerhaus-schirnding.de\/wordpress\/wp-content\/uploads\/2025\/10\/Claudia-Wilhelm-300x300.jpg\" alt=\"\" width=\"300\" height=\"300\" srcset=\"http:\/\/www.kuenstlerhaus-schirnding.de\/wordpress\/wp-content\/uploads\/2025\/10\/Claudia-Wilhelm-300x300.jpg 300w, http:\/\/www.kuenstlerhaus-schirnding.de\/wordpress\/wp-content\/uploads\/2025\/10\/Claudia-Wilhelm-1024x1024.jpg 1024w, http:\/\/www.kuenstlerhaus-schirnding.de\/wordpress\/wp-content\/uploads\/2025\/10\/Claudia-Wilhelm-150x150.jpg 150w, http:\/\/www.kuenstlerhaus-schirnding.de\/wordpress\/wp-content\/uploads\/2025\/10\/Claudia-Wilhelm-768x768.jpg 768w, http:\/\/www.kuenstlerhaus-schirnding.de\/wordpress\/wp-content\/uploads\/2025\/10\/Claudia-Wilhelm-1536x1536.jpg 1536w, http:\/\/www.kuenstlerhaus-schirnding.de\/wordpress\/wp-content\/uploads\/2025\/10\/Claudia-Wilhelm-2048x2048.jpg 2048w, http:\/\/www.kuenstlerhaus-schirnding.de\/wordpress\/wp-content\/uploads\/2025\/10\/Claudia-Wilhelm-88x88.jpg 88w, http:\/\/www.kuenstlerhaus-schirnding.de\/wordpress\/wp-content\/uploads\/2025\/10\/Claudia-Wilhelm-900x900.jpg 900w, http:\/\/www.kuenstlerhaus-schirnding.de\/wordpress\/wp-content\/uploads\/2025\/10\/Claudia-Wilhelm-1280x1280.jpg 1280w\" sizes=\"(max-width: 300px) 100vw, 300px\" \/><\/a>nung, wobei die Natur mein Lehrmeister ist. Verh\u00e4lt man sich ruhig und respektvoll, darf man manchmal ein Teil von ihr werden: Fr\u00f6sche setzen sich ohne Scheu dicht daneben, man wird zum Landeplatz f\u00fcr Libellen oder eine Ringelnatter schl\u00e4ngelt sich lautlos ganz nah vorbei.<\/p>\n<p style=\"text-align: justify;\">&#8222;Die Fotografie ist f\u00fcr mich mehr als nur ein Hobby. Ein Ort zum Abschalten \u2013 ein Fenster zu einer faszinierenden Welt.&#8220;<\/p>\n","protected":false},"excerpt":{"rendered":"<p>\u201eFotografie: Freude und Faszination\u201c Werke von Claudia Wilhelm Ausstellung vom 17. Oktober bis 09. November Ausstellungser\u00f6ffnung Fr. 17. Oktober, 19.00 Uhr Ausstellung So. 14.00 \u2013 17.00 Uhr und nach Vereinbarung Oberes Foyer des Gemeindezentrums Hauptstr. 15 in Schirnding Geboren 1963 in Erbendorf und aufgewachsen in Schirnding, lebe ich seit 1992 in Hohenberg\/Eger und habe erst [&hellip;]<\/p>\n","protected":false},"author":1,"featured_media":0,"parent":1202,"menu_order":7,"comment_status":"closed","ping_status":"closed","template":"","meta":{"footnotes":"","_links_to":"","_links_to_target":""},"_links":{"self":[{"href":"http:\/\/www.kuenstlerhaus-schirnding.de\/wordpress\/index.php?rest_route=\/wp\/v2\/pages\/1246"}],"collection":[{"href":"http:\/\/www.kuenstlerhaus-schirnding.de\/wordpress\/index.php?rest_route=\/wp\/v2\/pages"}],"about":[{"href":"http:\/\/www.kuenstlerhaus-schirnding.de\/wordpress\/index.php?rest_route=\/wp\/v2\/types\/page"}],"author":[{"embeddable":true,"href":"http:\/\/www.kuenstlerhaus-schirnding.de\/wordpress\/index.php?rest_route=\/wp\/v2\/users\/1"}],"replies":[{"embeddable":true,"href":"http:\/\/www.kuenstlerhaus-schirnding.de\/wordpress\/index.php?rest_route=%2Fwp%2Fv2%2Fcomments&post=1246"}],"version-history":[{"count":7,"href":"http:\/\/www.kuenstlerhaus-schirnding.de\/wordpress\/index.php?rest_route=\/wp\/v2\/pages\/1246\/revisions"}],"predecessor-version":[{"id":1315,"href":"http:\/\/www.kuenstlerhaus-schirnding.de\/wordpress\/index.php?rest_route=\/wp\/v2\/pages\/1246\/revisions\/1315"}],"up":[{"embeddable":true,"href":"http:\/\/www.kuenstlerhaus-schirnding.de\/wordpress\/index.php?rest_route=\/wp\/v2\/pages\/1202"}],"wp:attachment":[{"href":"http:\/\/www.kuenstlerhaus-schirnding.de\/wordpress\/index.php?rest_route=%2Fwp%2Fv2%2Fmedia&parent=1246"}],"curies":[{"name":"wp","href":"https:\/\/api.w.org\/{rel}","templated":true}]}}