{"id":13,"date":"2014-04-01T15:12:28","date_gmt":"2014-04-01T13:12:28","guid":{"rendered":"http:\/\/www.kuenstlerhaus-schirnding.de\/wordpress\/?page_id=13"},"modified":"2025-12-17T16:45:44","modified_gmt":"2025-12-17T14:45:44","slug":"der-verein","status":"publish","type":"page","link":"http:\/\/www.kuenstlerhaus-schirnding.de\/wordpress\/","title":{"rendered":"AKTUELL"},"content":{"rendered":"<p style=\"text-align: justify;\">Bevor wir das Jahr 2025 beenden und voller Tatendrang ins neue Jahr 2026 starten, m\u00f6chten wir uns bei Euch und Ihnen f\u00fcr eine gelungene K\u00fcnstlerhaus-Saison bedanken. Wir danken unseren Mitgliedern, flei\u00dfigen Helfern, F\u00f6rderern und allen G\u00e4sten und Interessierten, die unsere Veranstaltungen besucht und m\u00f6glich gemacht haben.<\/p>\n<p style=\"text-align: justify;\">\u201eArt must go on!\u201c Getreu diesem Motto starten die Mitglieder des \u201eF\u00f6rdervereins K\u00fcnstlerhaus Schirnding\u201c in das neue Jahr 2026. Wie gewohnt und von den Besucherinnen und Besuchern \u00fcber die vielen vergangenen \u00a0Jahre sehr gesch\u00e4tzt wollen wir neben verschiedenen Ausstellungen auch wieder Konzerte, Lesungen, Theaterauff\u00fchrungen usw. anbieten. Wir freuen uns auf viele G\u00e4ste, nette Gespr\u00e4che und inspirierende Begegnungen. Die jeweiligen Vernissagen werden wie gewohnt &#8211; mit wenigen Ausnahmen &#8211; an Freitagen um 19.00 stattfinden, die Ausstellungen sind sonntags in einem Zeitraum von ca. vier bis f\u00fcnf Wochen von 14.00 bis 17.00 ge\u00f6ffnet. Zus\u00e4tzlich m\u00f6chten wir dieses Jahr an einigen Ausstellungssonntagen zu Kaffee und Kuchen ins Gemeindezentrum einladen. Alle Veranstaltungen werden auf der Homepage, in der Presse und auf Plakaten bekanntgegeben.<\/p>\n","protected":false},"excerpt":{"rendered":"<p>Bevor wir das Jahr 2025 beenden und voller Tatendrang ins neue Jahr 2026 starten, m\u00f6chten wir uns bei Euch und Ihnen f\u00fcr eine gelungene K\u00fcnstlerhaus-Saison bedanken. Wir danken unseren Mitgliedern, flei\u00dfigen Helfern, F\u00f6rderern und allen G\u00e4sten und Interessierten, die unsere Veranstaltungen besucht und m\u00f6glich gemacht haben. \u201eArt must go on!\u201c Getreu diesem Motto starten die [&hellip;]<\/p>\n","protected":false},"author":1,"featured_media":0,"parent":0,"menu_order":0,"comment_status":"closed","ping_status":"closed","template":"","meta":{"footnotes":"","_links_to":"","_links_to_target":""},"_links":{"self":[{"href":"http:\/\/www.kuenstlerhaus-schirnding.de\/wordpress\/index.php?rest_route=\/wp\/v2\/pages\/13"}],"collection":[{"href":"http:\/\/www.kuenstlerhaus-schirnding.de\/wordpress\/index.php?rest_route=\/wp\/v2\/pages"}],"about":[{"href":"http:\/\/www.kuenstlerhaus-schirnding.de\/wordpress\/index.php?rest_route=\/wp\/v2\/types\/page"}],"author":[{"embeddable":true,"href":"http:\/\/www.kuenstlerhaus-schirnding.de\/wordpress\/index.php?rest_route=\/wp\/v2\/users\/1"}],"replies":[{"embeddable":true,"href":"http:\/\/www.kuenstlerhaus-schirnding.de\/wordpress\/index.php?rest_route=%2Fwp%2Fv2%2Fcomments&post=13"}],"version-history":[{"count":28,"href":"http:\/\/www.kuenstlerhaus-schirnding.de\/wordpress\/index.php?rest_route=\/wp\/v2\/pages\/13\/revisions"}],"predecessor-version":[{"id":1325,"href":"http:\/\/www.kuenstlerhaus-schirnding.de\/wordpress\/index.php?rest_route=\/wp\/v2\/pages\/13\/revisions\/1325"}],"wp:attachment":[{"href":"http:\/\/www.kuenstlerhaus-schirnding.de\/wordpress\/index.php?rest_route=%2Fwp%2Fv2%2Fmedia&parent=13"}],"curies":[{"name":"wp","href":"https:\/\/api.w.org\/{rel}","templated":true}]}}