{"id":1332,"date":"2025-12-17T17:18:46","date_gmt":"2025-12-17T15:18:46","guid":{"rendered":"http:\/\/www.kuenstlerhaus-schirnding.de\/wordpress\/?page_id=1332"},"modified":"2025-12-18T16:27:58","modified_gmt":"2025-12-18T14:27:58","slug":"kulturprogramm-2026-benefizkonzert-chordisono","status":"publish","type":"page","link":"http:\/\/www.kuenstlerhaus-schirnding.de\/wordpress\/?page_id=1332","title":{"rendered":"Kulturprogramm 2026 &#8211; Benefizkonzert ChorDiSono"},"content":{"rendered":"<p><strong>\u201eDreik\u00f6nigs-Benefizkonzert\u201c mit \u201eChorDiSono\u201c<\/strong><strong><br \/>\n<\/strong><strong>Dienstag, 06. Januar 2026, 16.00 Uhr<\/strong><br \/>\nEvang. Kirche \u201eAd Salvatorem\u201c in Schirnding<\/p>\n<p><a href=\"http:\/\/www.kuenstlerhaus-schirnding.de\/wordpress\/wp-content\/uploads\/2025\/12\/ChorDiSono_Benefiz_vorne-1-scaled.jpg\" target=\"_blank\" rel=\"noopener\"><img loading=\"lazy\" decoding=\"async\" class=\"aligncenter wp-image-1351 size-medium\" src=\"http:\/\/www.kuenstlerhaus-schirnding.de\/wordpress\/wp-content\/uploads\/2025\/12\/ChorDiSono_Benefiz_vorne-1-212x300.jpg\" alt=\"\" width=\"212\" height=\"300\" srcset=\"http:\/\/www.kuenstlerhaus-schirnding.de\/wordpress\/wp-content\/uploads\/2025\/12\/ChorDiSono_Benefiz_vorne-1-212x300.jpg 212w, http:\/\/www.kuenstlerhaus-schirnding.de\/wordpress\/wp-content\/uploads\/2025\/12\/ChorDiSono_Benefiz_vorne-1-724x1024.jpg 724w, http:\/\/www.kuenstlerhaus-schirnding.de\/wordpress\/wp-content\/uploads\/2025\/12\/ChorDiSono_Benefiz_vorne-1-768x1087.jpg 768w, http:\/\/www.kuenstlerhaus-schirnding.de\/wordpress\/wp-content\/uploads\/2025\/12\/ChorDiSono_Benefiz_vorne-1-1085x1536.jpg 1085w, http:\/\/www.kuenstlerhaus-schirnding.de\/wordpress\/wp-content\/uploads\/2025\/12\/ChorDiSono_Benefiz_vorne-1-1447x2048.jpg 1447w, http:\/\/www.kuenstlerhaus-schirnding.de\/wordpress\/wp-content\/uploads\/2025\/12\/ChorDiSono_Benefiz_vorne-1-900x1274.jpg 900w, http:\/\/www.kuenstlerhaus-schirnding.de\/wordpress\/wp-content\/uploads\/2025\/12\/ChorDiSono_Benefiz_vorne-1-1280x1812.jpg 1280w, http:\/\/www.kuenstlerhaus-schirnding.de\/wordpress\/wp-content\/uploads\/2025\/12\/ChorDiSono_Benefiz_vorne-1-scaled.jpg 1809w\" sizes=\"(max-width: 212px) 100vw, 212px\" \/><\/a><\/p>\n<p style=\"text-align: justify;\">Am Dienstag, den 06. Januar 2026 um 16:00 Uhr erwartet alle Musikinteressierten in der evangelischen Kirche \u201eAd Salvatorem\u201c in Schirnding ein besonders musikalisches Highlight. Das Vokalensemble \u201eChorDiSono\u201c aus Weiden l\u00e4dt zum Dreik\u00f6nigs-Benefizkonzert <strong>zugunsten sozialer Projekte in Schirnding<\/strong> sehr herzlich ein.<\/p>\n<p style=\"text-align: justify;\">Gerne stellen sich die zw\u00f6lf S\u00e4ngerinnen und S\u00e4nger des Vokalensembles ChorDiSono mit ihrem Pianisten Wolfgang Dirscherl sowie Roland Assion an der Orgel in den Dienst der guten Sache. Der Chor unter der Leitung des ehemaligen Domspatzen Alexander Meiler hat sich durch zahlreiche Auftritte bei Gottesdiensten, Hochzeiten sowie der Gro\u00dfveranstaltung \u201eKunstgenuss bis Mitternacht\u201c in Weiden einen hervorragenden Ruf erworben. Dar\u00fcber hinaus unterst\u00fctzt das Ensemble mit seiner Musik seit fast 20 Jahren regelm\u00e4\u00dfig viele Pfarreien und Organisationen.<\/p>\n<p style=\"text-align: justify;\">Das Ensemble, das bereits im Mai 2025 die Zuh\u00f6rer im K\u00fcnstlerhaus begeistert hatte und daraufhin f\u00fcr ein Weihnachtskonzert angesprochen wurde, wird diesmal bekannte klassische Weihnachtslieder aus der christlichen Tradition wie \u201eStill, still, still, weil\u00b4s Christkind schlafen will\u201c oder \u201eEs ist ein Ros entsprungen\u201c, moderne Gospels, aber auch zur Jahreszeit passende Songs aus der Popmusik wie das \u201eGod rest you merry gentlemen\u201c oder das \u201eJoy to the world\u201c sowie solistische Beitrage zu Geh\u00f6r bringen.<\/p>\n<p style=\"text-align: justify;\"><strong>Der Eintritt ist frei! Die Einnahmen aus den freiwilligen Spenden kommen in voller H\u00f6he verschiedenen sozialen Projekten in Schirnding zugute.<\/strong><\/p>\n","protected":false},"excerpt":{"rendered":"<p>\u201eDreik\u00f6nigs-Benefizkonzert\u201c mit \u201eChorDiSono\u201c Dienstag, 06. Januar 2026, 16.00 Uhr Evang. Kirche \u201eAd Salvatorem\u201c in Schirnding Am Dienstag, den 06. Januar 2026 um 16:00 Uhr erwartet alle Musikinteressierten in der evangelischen Kirche \u201eAd Salvatorem\u201c in Schirnding ein besonders musikalisches Highlight. Das Vokalensemble \u201eChorDiSono\u201c aus Weiden l\u00e4dt zum Dreik\u00f6nigs-Benefizkonzert zugunsten sozialer Projekte in Schirnding sehr herzlich ein. [&hellip;]<\/p>\n","protected":false},"author":1,"featured_media":0,"parent":1326,"menu_order":0,"comment_status":"closed","ping_status":"closed","template":"","meta":{"footnotes":"","_links_to":"","_links_to_target":""},"_links":{"self":[{"href":"http:\/\/www.kuenstlerhaus-schirnding.de\/wordpress\/index.php?rest_route=\/wp\/v2\/pages\/1332"}],"collection":[{"href":"http:\/\/www.kuenstlerhaus-schirnding.de\/wordpress\/index.php?rest_route=\/wp\/v2\/pages"}],"about":[{"href":"http:\/\/www.kuenstlerhaus-schirnding.de\/wordpress\/index.php?rest_route=\/wp\/v2\/types\/page"}],"author":[{"embeddable":true,"href":"http:\/\/www.kuenstlerhaus-schirnding.de\/wordpress\/index.php?rest_route=\/wp\/v2\/users\/1"}],"replies":[{"embeddable":true,"href":"http:\/\/www.kuenstlerhaus-schirnding.de\/wordpress\/index.php?rest_route=%2Fwp%2Fv2%2Fcomments&post=1332"}],"version-history":[{"count":5,"href":"http:\/\/www.kuenstlerhaus-schirnding.de\/wordpress\/index.php?rest_route=\/wp\/v2\/pages\/1332\/revisions"}],"predecessor-version":[{"id":1352,"href":"http:\/\/www.kuenstlerhaus-schirnding.de\/wordpress\/index.php?rest_route=\/wp\/v2\/pages\/1332\/revisions\/1352"}],"up":[{"embeddable":true,"href":"http:\/\/www.kuenstlerhaus-schirnding.de\/wordpress\/index.php?rest_route=\/wp\/v2\/pages\/1326"}],"wp:attachment":[{"href":"http:\/\/www.kuenstlerhaus-schirnding.de\/wordpress\/index.php?rest_route=%2Fwp%2Fv2%2Fmedia&parent=1332"}],"curies":[{"name":"wp","href":"https:\/\/api.w.org\/{rel}","templated":true}]}}