{"id":809,"date":"2018-05-23T11:20:28","date_gmt":"2018-05-23T09:20:28","guid":{"rendered":"http:\/\/www.kuenstlerhaus-schirnding.de\/wordpress\/?page_id=809"},"modified":"2018-05-23T11:20:28","modified_gmt":"2018-05-23T09:20:28","slug":"cookies","status":"publish","type":"page","link":"http:\/\/www.kuenstlerhaus-schirnding.de\/wordpress\/?page_id=809","title":{"rendered":"Cookies"},"content":{"rendered":"<div class=\"entry-content\">\n<div class=\"entry-content\">\n<div class=\"entry-content\">\n<p style=\"text-align: justify;\">Cookies sind Textdateien, die automatisch bei dem Aufruf einer Webseite lokal im Browser des Besuchers abgelegt werden. Diese Website setzt Cookies ein, um das Angebot nutzerfreundlich und funktionaler zu gestalten.<\/p>\n<p style=\"text-align: justify;\">Dank dieser Dateien ist es beispielsweise m\u00f6glich, auf individuelle Interessen abgestimmte Informationen auf einer Seite anzuzeigen. Auch Sicherheitsrelevante Funktionen zum Schutz Ihrer Privatsph\u00e4re werden durch den Einsatz von Cookies erm\u00f6glicht. Der ausschlie\u00dfliche Zweck besteht also darin, unser Angebot Ihren Kundenw\u00fcnschen bestm\u00f6glich anzupassen und die Seiten-Nutzung so komfortabel wie m\u00f6glich zu gestalten.<\/p>\n<p style=\"text-align: justify;\">Mit Anwendung der DSGVO 2018 sind Webmaster dazu verpflichtet, der unter <a href=\"https:\/\/eu-datenschutz.org\/\" target=\"_blank\" rel=\"noopener\">https:\/\/eu-datenschutz.org\/<\/a> ver\u00f6ffentlichten Grundverordnung Folge zu leisten und seine Nutzer entsprechend \u00fcber die Erfassung und Auswertung von Daten in Kenntnis zu setzen. Die Rechtm\u00e4\u00dfigkeit der Verarbeitung ist in Kapitel 2, Artikel 6 der DSGVO begr\u00fcndet.<\/p>\n<\/div>\n<\/div>\n<\/div>\n","protected":false},"excerpt":{"rendered":"<p>Cookies sind Textdateien, die automatisch bei dem Aufruf einer Webseite lokal im Browser des Besuchers abgelegt werden. Diese Website setzt Cookies ein, um das Angebot nutzerfreundlich und funktionaler zu gestalten. Dank dieser Dateien ist es beispielsweise m\u00f6glich, auf individuelle Interessen abgestimmte Informationen auf einer Seite anzuzeigen. Auch Sicherheitsrelevante Funktionen zum Schutz Ihrer Privatsph\u00e4re werden durch [&hellip;]<\/p>\n","protected":false},"author":1,"featured_media":0,"parent":0,"menu_order":0,"comment_status":"closed","ping_status":"closed","template":"","meta":{"footnotes":"","_links_to":"","_links_to_target":""},"_links":{"self":[{"href":"http:\/\/www.kuenstlerhaus-schirnding.de\/wordpress\/index.php?rest_route=\/wp\/v2\/pages\/809"}],"collection":[{"href":"http:\/\/www.kuenstlerhaus-schirnding.de\/wordpress\/index.php?rest_route=\/wp\/v2\/pages"}],"about":[{"href":"http:\/\/www.kuenstlerhaus-schirnding.de\/wordpress\/index.php?rest_route=\/wp\/v2\/types\/page"}],"author":[{"embeddable":true,"href":"http:\/\/www.kuenstlerhaus-schirnding.de\/wordpress\/index.php?rest_route=\/wp\/v2\/users\/1"}],"replies":[{"embeddable":true,"href":"http:\/\/www.kuenstlerhaus-schirnding.de\/wordpress\/index.php?rest_route=%2Fwp%2Fv2%2Fcomments&post=809"}],"version-history":[{"count":1,"href":"http:\/\/www.kuenstlerhaus-schirnding.de\/wordpress\/index.php?rest_route=\/wp\/v2\/pages\/809\/revisions"}],"predecessor-version":[{"id":811,"href":"http:\/\/www.kuenstlerhaus-schirnding.de\/wordpress\/index.php?rest_route=\/wp\/v2\/pages\/809\/revisions\/811"}],"wp:attachment":[{"href":"http:\/\/www.kuenstlerhaus-schirnding.de\/wordpress\/index.php?rest_route=%2Fwp%2Fv2%2Fmedia&parent=809"}],"curies":[{"name":"wp","href":"https:\/\/api.w.org\/{rel}","templated":true}]}}